{"id":1288,"date":"2024-05-24T13:41:14","date_gmt":"2024-05-24T13:41:14","guid":{"rendered":"https:\/\/7house.it\/product\/chardonnay\/"},"modified":"2024-08-05T16:28:02","modified_gmt":"2024-08-05T16:28:02","slug":"chardonnay","status":"publish","type":"product","link":"https:\/\/7house.it\/de\/prodotto\/chardonnay\/","title":{"rendered":"Chardonnay"},"content":{"rendered":"","protected":false},"excerpt":{"rendered":"<p><em>Die Rebsorte Chardonnay l\u00e4sst Raum, um den vom Erzeuger gew\u00fcnschten Charakter anzunehmen. Der Chardonnay der Linie Ca&#8216; del Sette pr\u00e4sentiert eine wahrhaft gro\u00dfartige Aromapalette&#8230; er bringt alle in \u00dcbereinstimmung!<\/em><\/p>\n<p><strong>Format:<\/strong> 0,75 l<br \/>\n<strong>Typologie:<\/strong> Chardonnay Veneto IGT<br \/>\n<strong>Alkoholgehalt:<\/strong> 12% vol.<br \/>\n<strong>Serviertemperatur:<\/strong> 10-12\u00b0 C<br \/>\n<strong>Paarung:<\/strong> Perfekt als Aperitif dank seiner leichten Aromatik oder als Wein f\u00fcr die ganze Mahlzeit. Er passt hervorragend zu Fisch und wei\u00dfem Fleisch.<\/p>\n","protected":false},"featured_media":1907,"comment_status":"open","ping_status":"closed","template":"","meta":{"om_disable_all_campaigns":false,"_monsterinsights_skip_tracking":false,"_monsterinsights_sitenote_active":false,"_monsterinsights_sitenote_note":"","_monsterinsights_sitenote_category":0,"_uf_show_specific_survey":0,"_uf_disable_surveys":false},"product_brand":[],"product_cat":[48],"product_tag":[203],"class_list":{"0":"post-1288","1":"product","2":"type-product","3":"status-publish","4":"has-post-thumbnail","6":"product_cat-weisweine","7":"product_tag-de-suggeriti","9":"first","10":"instock","11":"taxable","12":"shipping-taxable","13":"purchasable","14":"product-type-simple"},"_links":{"self":[{"href":"https:\/\/7house.it\/de\/wp-json\/wp\/v2\/product\/1288","targetHints":{"allow":["GET"]}}],"collection":[{"href":"https:\/\/7house.it\/de\/wp-json\/wp\/v2\/product"}],"about":[{"href":"https:\/\/7house.it\/de\/wp-json\/wp\/v2\/types\/product"}],"replies":[{"embeddable":true,"href":"https:\/\/7house.it\/de\/wp-json\/wp\/v2\/comments?post=1288"}],"wp:featuredmedia":[{"embeddable":true,"href":"https:\/\/7house.it\/de\/wp-json\/wp\/v2\/media\/1907"}],"wp:attachment":[{"href":"https:\/\/7house.it\/de\/wp-json\/wp\/v2\/media?parent=1288"}],"wp:term":[{"taxonomy":"product_brand","embeddable":true,"href":"https:\/\/7house.it\/de\/wp-json\/wp\/v2\/product_brand?post=1288"},{"taxonomy":"product_cat","embeddable":true,"href":"https:\/\/7house.it\/de\/wp-json\/wp\/v2\/product_cat?post=1288"},{"taxonomy":"product_tag","embeddable":true,"href":"https:\/\/7house.it\/de\/wp-json\/wp\/v2\/product_tag?post=1288"}],"curies":[{"name":"wp","href":"https:\/\/api.w.org\/{rel}","templated":true}]}}