{"id":1314,"date":"2024-05-24T17:03:20","date_gmt":"2024-05-24T17:03:20","guid":{"rendered":"https:\/\/7house.it\/?post_type=product&#038;p=1314"},"modified":"2024-06-06T11:07:45","modified_gmt":"2024-06-06T11:07:45","slug":"pinot-grigio-ca-del-sette-copia","status":"publish","type":"product","link":"https:\/\/7house.it\/de\/prodotto\/pinot-grigio-ca-del-sette-copia\/","title":{"rendered":"Pinot Grigio #COLLEZIONEITALIA"},"content":{"rendered":"","protected":false},"excerpt":{"rendered":"<p><em>Der Pinot Grigio der Linie #collezioneitalia ist ein sehr erfolgreicher Pinot Grigio, der eine breite Palette von Gerichten begleiten kann.<\/em><\/p>\n<p><strong>Format:<\/strong> 0,75 l<br \/>\n<strong>Typologie:<\/strong> Pinot Grigio D.O.C. delle Venezie<br \/>\n<strong>Alkoholgehalt:<\/strong> 12% vol.<br \/>\n<strong>Serviertemperatur:<\/strong> 8-10\u00b0 C<br \/>\n<strong>Paarung:<\/strong> Ausgezeichnet zu Vorspeisen und ersten G\u00e4ngen mit Fisch und Meeresfr\u00fcchten. Er passt auch hervorragend zu Gem\u00fcse und wei\u00dfem Fleisch sowie zu typischen mediterranen Gerichten.<\/p>\n","protected":false},"featured_media":1319,"comment_status":"open","ping_status":"closed","template":"","meta":{"om_disable_all_campaigns":false,"_monsterinsights_skip_tracking":false,"_monsterinsights_sitenote_active":false,"_monsterinsights_sitenote_note":"","_monsterinsights_sitenote_category":0,"_uf_show_specific_survey":0,"_uf_disable_surveys":false},"product_brand":[],"product_cat":[48],"product_tag":[203],"class_list":{"0":"post-1314","1":"product","2":"type-product","3":"status-publish","4":"has-post-thumbnail","6":"product_cat-weisweine","7":"product_tag-de-suggeriti","9":"first","10":"instock","11":"taxable","12":"shipping-taxable","13":"purchasable","14":"product-type-simple"},"_links":{"self":[{"href":"https:\/\/7house.it\/de\/wp-json\/wp\/v2\/product\/1314","targetHints":{"allow":["GET"]}}],"collection":[{"href":"https:\/\/7house.it\/de\/wp-json\/wp\/v2\/product"}],"about":[{"href":"https:\/\/7house.it\/de\/wp-json\/wp\/v2\/types\/product"}],"replies":[{"embeddable":true,"href":"https:\/\/7house.it\/de\/wp-json\/wp\/v2\/comments?post=1314"}],"wp:featuredmedia":[{"embeddable":true,"href":"https:\/\/7house.it\/de\/wp-json\/wp\/v2\/media\/1319"}],"wp:attachment":[{"href":"https:\/\/7house.it\/de\/wp-json\/wp\/v2\/media?parent=1314"}],"wp:term":[{"taxonomy":"product_brand","embeddable":true,"href":"https:\/\/7house.it\/de\/wp-json\/wp\/v2\/product_brand?post=1314"},{"taxonomy":"product_cat","embeddable":true,"href":"https:\/\/7house.it\/de\/wp-json\/wp\/v2\/product_cat?post=1314"},{"taxonomy":"product_tag","embeddable":true,"href":"https:\/\/7house.it\/de\/wp-json\/wp\/v2\/product_tag?post=1314"}],"curies":[{"name":"wp","href":"https:\/\/api.w.org\/{rel}","templated":true}]}}