{"id":1344,"date":"2024-05-21T09:56:54","date_gmt":"2024-05-21T09:56:54","guid":{"rendered":"https:\/\/7house.it\/product\/korkenzieher\/"},"modified":"2024-06-03T17:27:39","modified_gmt":"2024-06-03T17:27:39","slug":"korkenzieher","status":"publish","type":"product","link":"https:\/\/7house.it\/de\/prodotto\/korkenzieher\/","title":{"rendered":"Korkenzieher"},"content":{"rendered":"","protected":false},"excerpt":{"rendered":"<p><em>Das ergonomische, klare und elegante Design des Korkenziehers mit dem Logo von Ca&#8216; del Sette unterstreicht die \u00c4sthetik und das Image einer einfachen Geste: das \u00d6ffnen einer Weinflasche. Das \u00d6ffnen der Flasche wird, wenn es professionell durchgef\u00fchrt wird, zu einem Ritual, das die G\u00e4ste erfreut und zu einem Schl\u00fcsselmoment der Weinverkostung wird.<\/em><\/p>\n<p><strong>Format:<\/strong> einzeln verkauft<\/p>\n","protected":false},"featured_media":1645,"comment_status":"open","ping_status":"closed","template":"","meta":{"om_disable_all_campaigns":false,"_monsterinsights_skip_tracking":false,"_monsterinsights_sitenote_active":false,"_monsterinsights_sitenote_note":"","_monsterinsights_sitenote_category":0,"_uf_show_specific_survey":0,"_uf_disable_surveys":false},"product_brand":[],"product_cat":[140],"product_tag":[],"class_list":{"0":"post-1344","1":"product","2":"type-product","3":"status-publish","4":"has-post-thumbnail","6":"product_cat-korkenzieher","8":"first","9":"instock","10":"taxable","11":"shipping-taxable","12":"purchasable","13":"product-type-simple"},"_links":{"self":[{"href":"https:\/\/7house.it\/de\/wp-json\/wp\/v2\/product\/1344","targetHints":{"allow":["GET"]}}],"collection":[{"href":"https:\/\/7house.it\/de\/wp-json\/wp\/v2\/product"}],"about":[{"href":"https:\/\/7house.it\/de\/wp-json\/wp\/v2\/types\/product"}],"replies":[{"embeddable":true,"href":"https:\/\/7house.it\/de\/wp-json\/wp\/v2\/comments?post=1344"}],"wp:featuredmedia":[{"embeddable":true,"href":"https:\/\/7house.it\/de\/wp-json\/wp\/v2\/media\/1645"}],"wp:attachment":[{"href":"https:\/\/7house.it\/de\/wp-json\/wp\/v2\/media?parent=1344"}],"wp:term":[{"taxonomy":"product_brand","embeddable":true,"href":"https:\/\/7house.it\/de\/wp-json\/wp\/v2\/product_brand?post=1344"},{"taxonomy":"product_cat","embeddable":true,"href":"https:\/\/7house.it\/de\/wp-json\/wp\/v2\/product_cat?post=1344"},{"taxonomy":"product_tag","embeddable":true,"href":"https:\/\/7house.it\/de\/wp-json\/wp\/v2\/product_tag?post=1344"}],"curies":[{"name":"wp","href":"https:\/\/api.w.org\/{rel}","templated":true}]}}