{"id":1348,"date":"2024-05-28T08:23:39","date_gmt":"2024-05-28T08:23:39","guid":{"rendered":"https:\/\/7house.it\/product\/natives-olivenoel-extra\/"},"modified":"2025-01-01T18:47:55","modified_gmt":"2025-01-01T18:47:55","slug":"natives-olivenoel-extra","status":"publish","type":"product","link":"https:\/\/7house.it\/de\/prodotto\/natives-olivenoel-extra\/","title":{"rendered":"Natives Oliven\u00f6l extra"},"content":{"rendered":"","protected":false},"excerpt":{"rendered":"<p><em>Das Native Oliven\u00f6l Extra der Linie Ca&#8216; del Sette entf\u00fchrt Sie auf eine italienische Reise. Sein intensives, fruchtiges Aroma umh\u00fcllt die Sinne, w\u00e4hrend der ausgewogene, harmonische Geschmack den Gaumen erfreut. Ein angenehm w\u00fcrziger Nachgeschmack rundet den sanften Charakter dieses Produkts ab.<\/em><\/p>\n<p><strong>Format:<\/strong> 500 ml Flasche<br \/>\n<strong>Paarung:<\/strong> ideal zu rohem Fisch, Salaten, wei\u00dfem Fleisch, gekochtem Gem\u00fcse, sowie Caprese und Bruschetta<\/p>\n","protected":false},"featured_media":1627,"comment_status":"open","ping_status":"closed","template":"","meta":{"om_disable_all_campaigns":false,"_monsterinsights_skip_tracking":false,"_monsterinsights_sitenote_active":false,"_monsterinsights_sitenote_note":"","_monsterinsights_sitenote_category":0,"_uf_show_specific_survey":0,"_uf_disable_surveys":false},"product_brand":[],"product_cat":[149,191],"product_tag":[],"class_list":{"0":"post-1348","1":"product","2":"type-product","3":"status-publish","4":"has-post-thumbnail","6":"product_cat-angebote","7":"product_cat-oel-de","9":"first","10":"outofstock","11":"sale","12":"taxable","13":"shipping-taxable","14":"purchasable","15":"product-type-simple"},"_links":{"self":[{"href":"https:\/\/7house.it\/de\/wp-json\/wp\/v2\/product\/1348","targetHints":{"allow":["GET"]}}],"collection":[{"href":"https:\/\/7house.it\/de\/wp-json\/wp\/v2\/product"}],"about":[{"href":"https:\/\/7house.it\/de\/wp-json\/wp\/v2\/types\/product"}],"replies":[{"embeddable":true,"href":"https:\/\/7house.it\/de\/wp-json\/wp\/v2\/comments?post=1348"}],"wp:featuredmedia":[{"embeddable":true,"href":"https:\/\/7house.it\/de\/wp-json\/wp\/v2\/media\/1627"}],"wp:attachment":[{"href":"https:\/\/7house.it\/de\/wp-json\/wp\/v2\/media?parent=1348"}],"wp:term":[{"taxonomy":"product_brand","embeddable":true,"href":"https:\/\/7house.it\/de\/wp-json\/wp\/v2\/product_brand?post=1348"},{"taxonomy":"product_cat","embeddable":true,"href":"https:\/\/7house.it\/de\/wp-json\/wp\/v2\/product_cat?post=1348"},{"taxonomy":"product_tag","embeddable":true,"href":"https:\/\/7house.it\/de\/wp-json\/wp\/v2\/product_tag?post=1348"}],"curies":[{"name":"wp","href":"https:\/\/api.w.org\/{rel}","templated":true}]}}