{"id":1352,"date":"2024-05-28T08:36:37","date_gmt":"2024-05-28T08:36:37","guid":{"rendered":"https:\/\/7house.it\/product\/eiskuebel\/"},"modified":"2024-06-03T11:45:38","modified_gmt":"2024-06-03T11:45:38","slug":"eiskuebel","status":"publish","type":"product","link":"https:\/\/7house.it\/de\/prodotto\/eiskuebel\/","title":{"rendered":"Eisk\u00fcbel"},"content":{"rendered":"","protected":false},"excerpt":{"rendered":"<p><em>Unser Eimer mit dem Logo von Ca&#8216; del Sette ist leicht und handlich, sto\u00dffest und temperaturbest\u00e4ndig. Er ist unverzichtbar, um eine Flasche vom ersten Glas an in vollen Z\u00fcgen zu genie\u00dfen und zu w\u00fcrdigen. Er ist aus einem Material gefertigt, das ihm Glanz und Handlichkeit verleiht.<\/em><\/p>\n<p><strong>Format:<\/strong> einzeln verkauft<\/p>\n","protected":false},"featured_media":1657,"comment_status":"open","ping_status":"closed","template":"","meta":{"om_disable_all_campaigns":false,"_monsterinsights_skip_tracking":false,"_monsterinsights_sitenote_active":false,"_monsterinsights_sitenote_note":"","_monsterinsights_sitenote_category":0,"_uf_show_specific_survey":0,"_uf_disable_surveys":false},"product_brand":[],"product_cat":[134],"product_tag":[],"class_list":{"0":"post-1352","1":"product","2":"type-product","3":"status-publish","4":"has-post-thumbnail","6":"product_cat-eiskubel","8":"first","9":"instock","10":"taxable","11":"shipping-taxable","12":"purchasable","13":"product-type-simple"},"_links":{"self":[{"href":"https:\/\/7house.it\/de\/wp-json\/wp\/v2\/product\/1352","targetHints":{"allow":["GET"]}}],"collection":[{"href":"https:\/\/7house.it\/de\/wp-json\/wp\/v2\/product"}],"about":[{"href":"https:\/\/7house.it\/de\/wp-json\/wp\/v2\/types\/product"}],"replies":[{"embeddable":true,"href":"https:\/\/7house.it\/de\/wp-json\/wp\/v2\/comments?post=1352"}],"wp:featuredmedia":[{"embeddable":true,"href":"https:\/\/7house.it\/de\/wp-json\/wp\/v2\/media\/1657"}],"wp:attachment":[{"href":"https:\/\/7house.it\/de\/wp-json\/wp\/v2\/media?parent=1352"}],"wp:term":[{"taxonomy":"product_brand","embeddable":true,"href":"https:\/\/7house.it\/de\/wp-json\/wp\/v2\/product_brand?post=1352"},{"taxonomy":"product_cat","embeddable":true,"href":"https:\/\/7house.it\/de\/wp-json\/wp\/v2\/product_cat?post=1352"},{"taxonomy":"product_tag","embeddable":true,"href":"https:\/\/7house.it\/de\/wp-json\/wp\/v2\/product_tag?post=1352"}],"curies":[{"name":"wp","href":"https:\/\/api.w.org\/{rel}","templated":true}]}}