{"id":1379,"date":"2024-05-28T09:42:15","date_gmt":"2024-05-28T09:42:15","guid":{"rendered":"https:\/\/7house.it\/product\/stoppers\/"},"modified":"2024-06-03T11:51:36","modified_gmt":"2024-06-03T11:51:36","slug":"stoppers","status":"publish","type":"product","link":"https:\/\/7house.it\/de\/prodotto\/stoppers\/","title":{"rendered":"Stoppers"},"content":{"rendered":"","protected":false},"excerpt":{"rendered":"<p><em>Der Logo-Stopfen Ca&#8216; del Sette ist ein hervorragendes Hilfsmittel, um die wertvollen Eigenschaften des frisch entkorkten Weins \u00fcber l\u00e4ngere Zeit zu bewahren. Er ist auch f\u00fcr Sektflaschen geeignet: Er bewahrt die Frische und Perlage des Weins l\u00e4nger. <\/em><\/p>\n","protected":false},"featured_media":1653,"comment_status":"open","ping_status":"closed","template":"","meta":{"om_disable_all_campaigns":false,"_monsterinsights_skip_tracking":false,"_monsterinsights_sitenote_active":false,"_monsterinsights_sitenote_note":"","_monsterinsights_sitenote_category":0,"_uf_show_specific_survey":0,"_uf_disable_surveys":false},"product_brand":[],"product_cat":[138],"product_tag":[],"class_list":{"0":"post-1379","1":"product","2":"type-product","3":"status-publish","4":"has-post-thumbnail","6":"product_cat-stoppers-de","8":"first","9":"instock","10":"taxable","11":"shipping-taxable","12":"purchasable","13":"product-type-simple"},"_links":{"self":[{"href":"https:\/\/7house.it\/de\/wp-json\/wp\/v2\/product\/1379","targetHints":{"allow":["GET"]}}],"collection":[{"href":"https:\/\/7house.it\/de\/wp-json\/wp\/v2\/product"}],"about":[{"href":"https:\/\/7house.it\/de\/wp-json\/wp\/v2\/types\/product"}],"replies":[{"embeddable":true,"href":"https:\/\/7house.it\/de\/wp-json\/wp\/v2\/comments?post=1379"}],"wp:featuredmedia":[{"embeddable":true,"href":"https:\/\/7house.it\/de\/wp-json\/wp\/v2\/media\/1653"}],"wp:attachment":[{"href":"https:\/\/7house.it\/de\/wp-json\/wp\/v2\/media?parent=1379"}],"wp:term":[{"taxonomy":"product_brand","embeddable":true,"href":"https:\/\/7house.it\/de\/wp-json\/wp\/v2\/product_brand?post=1379"},{"taxonomy":"product_cat","embeddable":true,"href":"https:\/\/7house.it\/de\/wp-json\/wp\/v2\/product_cat?post=1379"},{"taxonomy":"product_tag","embeddable":true,"href":"https:\/\/7house.it\/de\/wp-json\/wp\/v2\/product_tag?post=1379"}],"curies":[{"name":"wp","href":"https:\/\/api.w.org\/{rel}","templated":true}]}}