{"id":1385,"date":"2024-05-28T11:43:20","date_gmt":"2024-05-28T11:43:20","guid":{"rendered":"https:\/\/7house.it\/product\/gelette-kuehlset\/"},"modified":"2024-06-03T11:52:03","modified_gmt":"2024-06-03T11:52:03","slug":"gelette-kuehlset","status":"publish","type":"product","link":"https:\/\/7house.it\/de\/prodotto\/gelette-kuehlset\/","title":{"rendered":"Gelette K\u00fchlset"},"content":{"rendered":"","protected":false},"excerpt":{"rendered":"<p><em>Eine ausgezeichnete und elegante Alternative zum Eisk\u00fcbel, die es Ihnen erm\u00f6glicht, die feinen Etiketten deutlich sichtbar zu lassen und die ganze Flasche aufzuwerten. <\/em><br \/>\n<em>Sobald der K\u00fchleffekt nachl\u00e4sst, nehmen Sie die Spezialtasche einfach aus dem Geh\u00e4use und stellen sie zur\u00fcck in den Gefrierschrank.<\/em><\/p>\n","protected":false},"featured_media":1641,"comment_status":"open","ping_status":"closed","template":"","meta":{"om_disable_all_campaigns":false,"_monsterinsights_skip_tracking":false,"_monsterinsights_sitenote_active":false,"_monsterinsights_sitenote_note":"","_monsterinsights_sitenote_category":0,"_uf_show_specific_survey":0,"_uf_disable_surveys":false},"product_brand":[],"product_cat":[134],"product_tag":[],"class_list":{"0":"post-1385","1":"product","2":"type-product","3":"status-publish","4":"has-post-thumbnail","6":"product_cat-eiskubel","8":"first","9":"instock","10":"taxable","11":"shipping-taxable","12":"purchasable","13":"product-type-simple"},"_links":{"self":[{"href":"https:\/\/7house.it\/de\/wp-json\/wp\/v2\/product\/1385","targetHints":{"allow":["GET"]}}],"collection":[{"href":"https:\/\/7house.it\/de\/wp-json\/wp\/v2\/product"}],"about":[{"href":"https:\/\/7house.it\/de\/wp-json\/wp\/v2\/types\/product"}],"replies":[{"embeddable":true,"href":"https:\/\/7house.it\/de\/wp-json\/wp\/v2\/comments?post=1385"}],"wp:featuredmedia":[{"embeddable":true,"href":"https:\/\/7house.it\/de\/wp-json\/wp\/v2\/media\/1641"}],"wp:attachment":[{"href":"https:\/\/7house.it\/de\/wp-json\/wp\/v2\/media?parent=1385"}],"wp:term":[{"taxonomy":"product_brand","embeddable":true,"href":"https:\/\/7house.it\/de\/wp-json\/wp\/v2\/product_brand?post=1385"},{"taxonomy":"product_cat","embeddable":true,"href":"https:\/\/7house.it\/de\/wp-json\/wp\/v2\/product_cat?post=1385"},{"taxonomy":"product_tag","embeddable":true,"href":"https:\/\/7house.it\/de\/wp-json\/wp\/v2\/product_tag?post=1385"}],"curies":[{"name":"wp","href":"https:\/\/api.w.org\/{rel}","templated":true}]}}