{"id":1389,"date":"2024-05-28T13:58:17","date_gmt":"2024-05-28T13:58:17","guid":{"rendered":"https:\/\/7house.it\/product\/dekanter\/"},"modified":"2024-06-03T11:52:27","modified_gmt":"2024-06-03T11:52:27","slug":"dekanter","status":"publish","type":"product","link":"https:\/\/7house.it\/de\/prodotto\/dekanter\/","title":{"rendered":"Dekanter"},"content":{"rendered":"","protected":false},"excerpt":{"rendered":"<p><em>Der Dekanter mit dem Ca&#8216; del Sette-Logo beg\u00fcnstigt die Sauerstoffanreicherung der Weine, wodurch die Aromen und der Geschmack j\u00fcngerer Weine verst\u00e4rkt werden. Sie erm\u00f6glicht es auch, die organoleptische Komplexit\u00e4t von Weinen mit langer Reifezeit zu extrahieren, so dass sich das aromatische Bouquet voll entfalten kann.<\/em><\/p>\n","protected":false},"featured_media":1776,"comment_status":"open","ping_status":"closed","template":"","meta":{"om_disable_all_campaigns":false,"_monsterinsights_skip_tracking":false,"_monsterinsights_sitenote_active":false,"_monsterinsights_sitenote_note":"","_monsterinsights_sitenote_category":0,"_uf_show_specific_survey":0,"_uf_disable_surveys":false},"product_brand":[],"product_cat":[142],"product_tag":[],"class_list":{"0":"post-1389","1":"product","2":"type-product","3":"status-publish","4":"has-post-thumbnail","6":"product_cat-dekanter","8":"first","9":"instock","10":"taxable","11":"shipping-taxable","12":"purchasable","13":"product-type-simple"},"_links":{"self":[{"href":"https:\/\/7house.it\/de\/wp-json\/wp\/v2\/product\/1389","targetHints":{"allow":["GET"]}}],"collection":[{"href":"https:\/\/7house.it\/de\/wp-json\/wp\/v2\/product"}],"about":[{"href":"https:\/\/7house.it\/de\/wp-json\/wp\/v2\/types\/product"}],"replies":[{"embeddable":true,"href":"https:\/\/7house.it\/de\/wp-json\/wp\/v2\/comments?post=1389"}],"wp:featuredmedia":[{"embeddable":true,"href":"https:\/\/7house.it\/de\/wp-json\/wp\/v2\/media\/1776"}],"wp:attachment":[{"href":"https:\/\/7house.it\/de\/wp-json\/wp\/v2\/media?parent=1389"}],"wp:term":[{"taxonomy":"product_brand","embeddable":true,"href":"https:\/\/7house.it\/de\/wp-json\/wp\/v2\/product_brand?post=1389"},{"taxonomy":"product_cat","embeddable":true,"href":"https:\/\/7house.it\/de\/wp-json\/wp\/v2\/product_cat?post=1389"},{"taxonomy":"product_tag","embeddable":true,"href":"https:\/\/7house.it\/de\/wp-json\/wp\/v2\/product_tag?post=1389"}],"curies":[{"name":"wp","href":"https:\/\/api.w.org\/{rel}","templated":true}]}}