{"id":1393,"date":"2024-05-28T14:15:44","date_gmt":"2024-05-28T14:15:44","guid":{"rendered":"https:\/\/7house.it\/product\/schwarze-kochschuerze\/"},"modified":"2024-06-03T11:53:09","modified_gmt":"2024-06-03T11:53:09","slug":"schwarze-kochschuerze","status":"publish","type":"product","link":"https:\/\/7house.it\/de\/prodotto\/schwarze-kochschuerze\/","title":{"rendered":"schwarze Kochsch\u00fcrze"},"content":{"rendered":"","protected":false},"excerpt":{"rendered":"<p><em>Die K\u00fcche ist ein magischer Ort, an dem eine Symphonie von Aromen, Geschm\u00e4ckern und Kreativit\u00e4t entsteht und an dem wir uns in K\u00f6che verwandeln, die zwischen den Pfannen Inspiration und Zufriedenheit finden.<\/em><br \/>\n<em>Die Kochsch\u00fcrze der Marke Ca&#8216; del Sette ist nicht nur ein Kleidungsst\u00fcck, sondern ein stilvolles Accessoire. <\/em><br \/>\n<em>Praktisch, leicht und widerstandsf\u00e4hig. Die Einheitsgr\u00f6\u00dfe passt allen, die Linie ist jung und f\u00fcr alle Figurtypen geeignet. Ihre Gr\u00f6\u00dfe macht sie zu einem gewagten und praktischen Kleidungsst\u00fcck.<\/em><\/p>\n","protected":false},"featured_media":1637,"comment_status":"open","ping_status":"closed","template":"","meta":{"om_disable_all_campaigns":false,"_monsterinsights_skip_tracking":false,"_monsterinsights_sitenote_active":false,"_monsterinsights_sitenote_note":"","_monsterinsights_sitenote_category":0,"_uf_show_specific_survey":0,"_uf_disable_surveys":false},"product_brand":[],"product_cat":[144],"product_tag":[],"class_list":{"0":"post-1393","1":"product","2":"type-product","3":"status-publish","4":"has-post-thumbnail","6":"product_cat-schurzen","8":"first","9":"instock","10":"taxable","11":"shipping-taxable","12":"purchasable","13":"product-type-simple"},"_links":{"self":[{"href":"https:\/\/7house.it\/de\/wp-json\/wp\/v2\/product\/1393","targetHints":{"allow":["GET"]}}],"collection":[{"href":"https:\/\/7house.it\/de\/wp-json\/wp\/v2\/product"}],"about":[{"href":"https:\/\/7house.it\/de\/wp-json\/wp\/v2\/types\/product"}],"replies":[{"embeddable":true,"href":"https:\/\/7house.it\/de\/wp-json\/wp\/v2\/comments?post=1393"}],"wp:featuredmedia":[{"embeddable":true,"href":"https:\/\/7house.it\/de\/wp-json\/wp\/v2\/media\/1637"}],"wp:attachment":[{"href":"https:\/\/7house.it\/de\/wp-json\/wp\/v2\/media?parent=1393"}],"wp:term":[{"taxonomy":"product_brand","embeddable":true,"href":"https:\/\/7house.it\/de\/wp-json\/wp\/v2\/product_brand?post=1393"},{"taxonomy":"product_cat","embeddable":true,"href":"https:\/\/7house.it\/de\/wp-json\/wp\/v2\/product_cat?post=1393"},{"taxonomy":"product_tag","embeddable":true,"href":"https:\/\/7house.it\/de\/wp-json\/wp\/v2\/product_tag?post=1393"}],"curies":[{"name":"wp","href":"https:\/\/api.w.org\/{rel}","templated":true}]}}