{"id":1397,"date":"2024-05-28T14:25:05","date_gmt":"2024-05-28T14:25:05","guid":{"rendered":"https:\/\/7house.it\/product\/geschenkkarte-50e\/"},"modified":"2024-06-03T11:53:44","modified_gmt":"2024-06-03T11:53:44","slug":"geschenkkarte-50e","status":"publish","type":"product","link":"https:\/\/7house.it\/de\/prodotto\/geschenkkarte-50e\/","title":{"rendered":"Geschenkkarte 50\u20ac"},"content":{"rendered":"","protected":false},"excerpt":{"rendered":"<p><em>Ein Geschenkgutschein ist immer ein gern gesehenes Geschenk: Die gro\u00dfe Auswahl an Produkten, die auf unserer Website zum Kauf angeboten werden, erm\u00f6glicht es Ihnen, das Produkt zu finden, das am besten zu den Leidenschaften und Interessen der Person passt, der Sie es schenken! <\/em><em>Dank unserer Geschenkkarte und ihrer Flexibilit\u00e4t k\u00f6nnen Sie dem Empf\u00e4nger des Gutscheins erm\u00f6glichen, genau das zu bekommen, was er m\u00f6chte. <\/em><\/p>\n","protected":false},"featured_media":1607,"comment_status":"open","ping_status":"closed","template":"","meta":{"om_disable_all_campaigns":false,"_monsterinsights_skip_tracking":false,"_monsterinsights_sitenote_active":false,"_monsterinsights_sitenote_note":"","_monsterinsights_sitenote_category":0,"_uf_show_specific_survey":0,"_uf_disable_surveys":false},"product_brand":[],"product_cat":[151],"product_tag":[],"class_list":{"0":"post-1397","1":"product","2":"type-product","3":"status-publish","4":"has-post-thumbnail","6":"product_cat-geschenkkarten","8":"first","9":"instock","10":"virtual","11":"taxable","12":"product-type-simple"},"_links":{"self":[{"href":"https:\/\/7house.it\/de\/wp-json\/wp\/v2\/product\/1397","targetHints":{"allow":["GET"]}}],"collection":[{"href":"https:\/\/7house.it\/de\/wp-json\/wp\/v2\/product"}],"about":[{"href":"https:\/\/7house.it\/de\/wp-json\/wp\/v2\/types\/product"}],"replies":[{"embeddable":true,"href":"https:\/\/7house.it\/de\/wp-json\/wp\/v2\/comments?post=1397"}],"wp:featuredmedia":[{"embeddable":true,"href":"https:\/\/7house.it\/de\/wp-json\/wp\/v2\/media\/1607"}],"wp:attachment":[{"href":"https:\/\/7house.it\/de\/wp-json\/wp\/v2\/media?parent=1397"}],"wp:term":[{"taxonomy":"product_brand","embeddable":true,"href":"https:\/\/7house.it\/de\/wp-json\/wp\/v2\/product_brand?post=1397"},{"taxonomy":"product_cat","embeddable":true,"href":"https:\/\/7house.it\/de\/wp-json\/wp\/v2\/product_cat?post=1397"},{"taxonomy":"product_tag","embeddable":true,"href":"https:\/\/7house.it\/de\/wp-json\/wp\/v2\/product_tag?post=1397"}],"curies":[{"name":"wp","href":"https:\/\/api.w.org\/{rel}","templated":true}]}}