{"id":1409,"date":"2024-05-28T14:36:58","date_gmt":"2024-05-28T14:36:58","guid":{"rendered":"https:\/\/7house.it\/product\/erdbeermarmelade\/"},"modified":"2025-01-03T11:34:54","modified_gmt":"2025-01-03T11:34:54","slug":"erdbeermarmelade","status":"publish","type":"product","link":"https:\/\/7house.it\/de\/prodotto\/erdbeermarmelade\/","title":{"rendered":"Erdbeermarmelade"},"content":{"rendered":"<p><strong>ZUTATEN:<\/strong><br \/>\nErdbeeren, \u00c4pfel, Fruchtzucker<br \/>\nVerwendete Fr\u00fcchte: 180 g pro 100 g des fertigen Produkts (davon 140 g Erdbeeren und 40 g \u00c4pfel)<br \/>\nENTH\u00c4LT KEIN GLUTEN<\/p>\n<p><strong>DURCHSCHNITTLICHE N\u00c4HRWERTANGABEN PRO 100 G<\/strong><br \/>\nEnergiewert 171 kcal\/726 KJ<br \/>\nFette 0,5 g, davon ges\u00e4ttigt 0,046 g<br \/>\nKohlenhydrate 38,92 g, davon Zucker 37 g<br \/>\nBallaststoffe 3,28 g<br \/>\nEiwei\u00df 1,13 g<br \/>\nSalz 0 g<\/p>\n<p><strong>LAGERUNG:<\/strong><br \/>\nAn einem k\u00fchlen, trockenen Ort aufbewahren.<br \/>\nNach dem \u00d6ffnen das Glas im K\u00fchlschrank aufbewahren und innerhalb von 15-20 Tagen verbrauchen.<\/p>\n","protected":false},"excerpt":{"rendered":"<p><em>Ihre Cremigkeit und leichte Streichf\u00e4higkeit machen diese Konfit\u00fcre unwiderstehlich. <\/em><br \/>\n<em>Das Erdbeerkompott Ca&#8216; del Sette wird aus Erdbeeren bester Qualit\u00e4t hergestellt und bietet mit jedem L\u00f6ffel eine Geschmacksexplosion. Der klassische Erdbeergeschmack wird hier durch die hohe Konzentration an Fr\u00fcchten noch verst\u00e4rkt.<\/em><\/p>\n<p><strong>Format:<\/strong> Glas zu 240 Gramm<\/p>\n<p>&nbsp;<\/p>\n","protected":false},"featured_media":1591,"comment_status":"open","ping_status":"closed","template":"","meta":{"om_disable_all_campaigns":false,"_monsterinsights_skip_tracking":false,"_monsterinsights_sitenote_active":false,"_monsterinsights_sitenote_note":"","_monsterinsights_sitenote_category":0,"_uf_show_specific_survey":0,"_uf_disable_surveys":false},"product_brand":[],"product_cat":[149,154],"product_tag":[],"class_list":{"0":"post-1409","1":"product","2":"type-product","3":"status-publish","4":"has-post-thumbnail","6":"product_cat-angebote","7":"product_cat-kompotte","9":"first","10":"instock","11":"sale","12":"taxable","13":"shipping-taxable","14":"purchasable","15":"product-type-simple"},"_links":{"self":[{"href":"https:\/\/7house.it\/de\/wp-json\/wp\/v2\/product\/1409","targetHints":{"allow":["GET"]}}],"collection":[{"href":"https:\/\/7house.it\/de\/wp-json\/wp\/v2\/product"}],"about":[{"href":"https:\/\/7house.it\/de\/wp-json\/wp\/v2\/types\/product"}],"replies":[{"embeddable":true,"href":"https:\/\/7house.it\/de\/wp-json\/wp\/v2\/comments?post=1409"}],"wp:featuredmedia":[{"embeddable":true,"href":"https:\/\/7house.it\/de\/wp-json\/wp\/v2\/media\/1591"}],"wp:attachment":[{"href":"https:\/\/7house.it\/de\/wp-json\/wp\/v2\/media?parent=1409"}],"wp:term":[{"taxonomy":"product_brand","embeddable":true,"href":"https:\/\/7house.it\/de\/wp-json\/wp\/v2\/product_brand?post=1409"},{"taxonomy":"product_cat","embeddable":true,"href":"https:\/\/7house.it\/de\/wp-json\/wp\/v2\/product_cat?post=1409"},{"taxonomy":"product_tag","embeddable":true,"href":"https:\/\/7house.it\/de\/wp-json\/wp\/v2\/product_tag?post=1409"}],"curies":[{"name":"wp","href":"https:\/\/api.w.org\/{rel}","templated":true}]}}