{"id":1416,"date":"2024-05-28T14:49:05","date_gmt":"2024-05-28T14:49:05","guid":{"rendered":"https:\/\/7house.it\/?post_type=product&#038;p=1416"},"modified":"2025-01-03T11:34:54","modified_gmt":"2025-01-03T11:34:54","slug":"zitronenmarmelade-copia","status":"publish","type":"product","link":"https:\/\/7house.it\/de\/prodotto\/zitronenmarmelade-copia\/","title":{"rendered":"Feigenmarmelade"},"content":{"rendered":"<p><strong>ZUTATEN:<\/strong><br \/>\nFeigen, Fruchtzucker<br \/>\nVerwendete Feigen: 180 g pro 100 g des Endprodukts<br \/>\nENTH\u00c4LT KEIN GLUTEN<\/p>\n<p><strong>DURCHSCHNITTLICHE N\u00c4HRWERTANGABEN PRO 100 G<\/strong><br \/>\nEnergiewert 157 kcal\/665 KJ<br \/>\nFette 0,3 g, davon ges\u00e4ttigt 0,1 g<br \/>\nKohlenhydrate 36,5 g, davon Zucker 36,3 g<br \/>\nBallaststoffe 2,5 g<br \/>\nEiwei\u00df 0,8 g<br \/>\nSalz 0,03 g<\/p>\n<p><strong>LAGERUNG:<\/strong><br \/>\nAn einem k\u00fchlen und trockenen Ort aufbewahren.<br \/>\nNach dem \u00d6ffnen das Glas im K\u00fchlschrank aufbewahren und innerhalb von 15-20 Tagen verbrauchen.<\/p>\n","protected":false},"excerpt":{"rendered":"<p><em>Ihre Cremigkeit und leichte Streichf\u00e4higkeit machen diese Konfit\u00fcre unwiderstehlich. <\/em><em>Ca&#8216; del Sette Feigenkompott zeichnet sich durch seinen s\u00fc\u00dfen Geschmack und die f\u00fcr die Frucht typische k\u00f6rnige Konsistenz aus. Passt hervorragend zu unserem Prosciutto Crudo oder zu reifem und leicht w\u00fcrzigem K\u00e4se.<\/em><\/p>\n<p><strong>Format:<\/strong> Glas mit 240 Gramm<\/p>\n<p>&nbsp;<\/p>\n","protected":false},"featured_media":1587,"comment_status":"open","ping_status":"closed","template":"","meta":{"om_disable_all_campaigns":false,"_monsterinsights_skip_tracking":false,"_monsterinsights_sitenote_active":false,"_monsterinsights_sitenote_note":"","_monsterinsights_sitenote_category":0,"_uf_show_specific_survey":0,"_uf_disable_surveys":false},"product_brand":[],"product_cat":[149,154],"product_tag":[],"class_list":{"0":"post-1416","1":"product","2":"type-product","3":"status-publish","4":"has-post-thumbnail","6":"product_cat-angebote","7":"product_cat-kompotte","9":"first","10":"instock","11":"sale","12":"taxable","13":"shipping-taxable","14":"purchasable","15":"product-type-simple"},"_links":{"self":[{"href":"https:\/\/7house.it\/de\/wp-json\/wp\/v2\/product\/1416","targetHints":{"allow":["GET"]}}],"collection":[{"href":"https:\/\/7house.it\/de\/wp-json\/wp\/v2\/product"}],"about":[{"href":"https:\/\/7house.it\/de\/wp-json\/wp\/v2\/types\/product"}],"replies":[{"embeddable":true,"href":"https:\/\/7house.it\/de\/wp-json\/wp\/v2\/comments?post=1416"}],"wp:featuredmedia":[{"embeddable":true,"href":"https:\/\/7house.it\/de\/wp-json\/wp\/v2\/media\/1587"}],"wp:attachment":[{"href":"https:\/\/7house.it\/de\/wp-json\/wp\/v2\/media?parent=1416"}],"wp:term":[{"taxonomy":"product_brand","embeddable":true,"href":"https:\/\/7house.it\/de\/wp-json\/wp\/v2\/product_brand?post=1416"},{"taxonomy":"product_cat","embeddable":true,"href":"https:\/\/7house.it\/de\/wp-json\/wp\/v2\/product_cat?post=1416"},{"taxonomy":"product_tag","embeddable":true,"href":"https:\/\/7house.it\/de\/wp-json\/wp\/v2\/product_tag?post=1416"}],"curies":[{"name":"wp","href":"https:\/\/api.w.org\/{rel}","templated":true}]}}