{"id":1425,"date":"2024-05-28T15:42:30","date_gmt":"2024-05-28T15:42:30","guid":{"rendered":"https:\/\/7house.it\/product\/suess-saure-giardiniera\/"},"modified":"2025-01-03T11:34:58","modified_gmt":"2025-01-03T11:34:58","slug":"suess-saure-giardiniera","status":"publish","type":"product","link":"https:\/\/7house.it\/de\/prodotto\/suess-saure-giardiniera\/","title":{"rendered":"S\u00fc\u00df-saure Giardiniera"},"content":{"rendered":"<p><strong>ZUTATEN:<\/strong><br \/>\nKarotten, Blumenkohl, rote und gelbe Paprika, Fenchel, Zucchini, Zwiebeln (in unterschiedlichen Anteilen), Essig, Wasser, Zucker, Salz, Pfeffer, Lorbeerblatt.<br \/>\nNettogewicht abgetropft 290 g<br \/>\nENTH\u00c4LT KEIN GLUTEN<\/p>\n<p><strong>DURCHSCHNITTLICHE N\u00c4HRWERTANGABEN PRO 100 G:<\/strong><br \/>\nEnergie 57 kcal\/238 KJ<br \/>\nFett 0,20 g (davon ges\u00e4ttigt 0 g)<br \/>\nKohlenhydrate 11,40 g (davon Zucker 11,40 g)<br \/>\nBallaststoffe 1 g<br \/>\nEiwei\u00df 1,90 g<br \/>\nSalz 12,53 g.<\/p>\n<p><strong>LAGERUNG:<\/strong><br \/>\nK\u00fchl und vor Licht gesch\u00fctzt lagern.<br \/>\nNach dem \u00d6ffnen im K\u00fchlschrank aufbewahren.<\/p>\n","protected":false},"excerpt":{"rendered":"<p><em>Die Giardiniera von Ca&#8216; del Sette ist farbenfroh, knackig und eignet sich hervorragend zum Verfeinern Ihrer Gerichte. Die G\u00fcte dieser Giardiniera ist eine direkte Folge der sorgf\u00e4ltigen Auswahl von au\u00dfergew\u00f6hnlichen Rohstoffen, die nach alten b\u00e4uerlichen Rezepten verarbeitet werden.<\/em><\/p>\n<p><strong>Format:<\/strong> Glas mit 580 Gramm<\/p>\n","protected":false},"featured_media":1583,"comment_status":"open","ping_status":"closed","template":"","meta":{"om_disable_all_campaigns":false,"_monsterinsights_skip_tracking":false,"_monsterinsights_sitenote_active":false,"_monsterinsights_sitenote_note":"","_monsterinsights_sitenote_category":0,"_uf_show_specific_survey":0,"_uf_disable_surveys":false},"product_brand":[],"product_cat":[149,158],"product_tag":[],"class_list":{"0":"post-1425","1":"product","2":"type-product","3":"status-publish","4":"has-post-thumbnail","6":"product_cat-angebote","7":"product_cat-giardiniera-de","9":"first","10":"instock","11":"sale","12":"taxable","13":"shipping-taxable","14":"purchasable","15":"product-type-simple"},"_links":{"self":[{"href":"https:\/\/7house.it\/de\/wp-json\/wp\/v2\/product\/1425","targetHints":{"allow":["GET"]}}],"collection":[{"href":"https:\/\/7house.it\/de\/wp-json\/wp\/v2\/product"}],"about":[{"href":"https:\/\/7house.it\/de\/wp-json\/wp\/v2\/types\/product"}],"replies":[{"embeddable":true,"href":"https:\/\/7house.it\/de\/wp-json\/wp\/v2\/comments?post=1425"}],"wp:featuredmedia":[{"embeddable":true,"href":"https:\/\/7house.it\/de\/wp-json\/wp\/v2\/media\/1583"}],"wp:attachment":[{"href":"https:\/\/7house.it\/de\/wp-json\/wp\/v2\/media?parent=1425"}],"wp:term":[{"taxonomy":"product_brand","embeddable":true,"href":"https:\/\/7house.it\/de\/wp-json\/wp\/v2\/product_brand?post=1425"},{"taxonomy":"product_cat","embeddable":true,"href":"https:\/\/7house.it\/de\/wp-json\/wp\/v2\/product_cat?post=1425"},{"taxonomy":"product_tag","embeddable":true,"href":"https:\/\/7house.it\/de\/wp-json\/wp\/v2\/product_tag?post=1425"}],"curies":[{"name":"wp","href":"https:\/\/api.w.org\/{rel}","templated":true}]}}