{"id":1433,"date":"2024-05-28T16:28:36","date_gmt":"2024-05-28T16:28:36","guid":{"rendered":"https:\/\/7house.it\/?post_type=product&#038;p=1433"},"modified":"2025-01-03T11:34:58","modified_gmt":"2025-01-03T11:34:58","slug":"mortadella-copia","status":"publish","type":"product","link":"https:\/\/7house.it\/de\/prodotto\/mortadella-copia\/","title":{"rendered":"Wangenfleisch"},"content":{"rendered":"","protected":false},"excerpt":{"rendered":"<p><em>Der gew\u00fcrzte Guanciale von Ca&#8216; del Sette ist ein hochwertiges Produkt, das aus ausgew\u00e4hlten Schweinen und nat\u00fcrlichen Gew\u00fcrzen hergestellt wird.<\/em><br \/>\n<em>F\u00fcr einen optimalen Genuss empfiehlt es sich, die Guanciale in d\u00fcnne Scheiben zu schneiden und sie als Zutat f\u00fcr jedes Gericht zu verwenden, das eine schmackhafte und pikante Zutat erfordert. Sie k\u00f6nnen ihn auch als Vorspeise verwenden, indem Sie ihn in W\u00fcrfel schneiden und mit ger\u00f6stetem Brot und einer unserer Fruchtkonfit\u00fcren servieren.<\/em><\/p>\n<p><strong>Lagertemperatur:<\/strong> von 0\u00b0 C bis + 4\u00b0 C<br \/>\nENTH\u00c4LT KEINE ALLERGENE<\/p>\n","protected":false},"featured_media":2022,"comment_status":"open","ping_status":"closed","template":"","meta":{"om_disable_all_campaigns":false,"_monsterinsights_skip_tracking":false,"_monsterinsights_sitenote_active":false,"_monsterinsights_sitenote_note":"","_monsterinsights_sitenote_category":0,"_uf_show_specific_survey":0,"_uf_disable_surveys":false},"product_brand":[],"product_cat":[156],"product_tag":[],"class_list":{"0":"post-1433","1":"product","2":"type-product","3":"status-publish","4":"has-post-thumbnail","6":"product_cat-aufschnitt","8":"first","9":"instock","10":"taxable","11":"shipping-taxable","12":"purchasable","13":"product-type-simple"},"_links":{"self":[{"href":"https:\/\/7house.it\/de\/wp-json\/wp\/v2\/product\/1433","targetHints":{"allow":["GET"]}}],"collection":[{"href":"https:\/\/7house.it\/de\/wp-json\/wp\/v2\/product"}],"about":[{"href":"https:\/\/7house.it\/de\/wp-json\/wp\/v2\/types\/product"}],"replies":[{"embeddable":true,"href":"https:\/\/7house.it\/de\/wp-json\/wp\/v2\/comments?post=1433"}],"wp:featuredmedia":[{"embeddable":true,"href":"https:\/\/7house.it\/de\/wp-json\/wp\/v2\/media\/2022"}],"wp:attachment":[{"href":"https:\/\/7house.it\/de\/wp-json\/wp\/v2\/media?parent=1433"}],"wp:term":[{"taxonomy":"product_brand","embeddable":true,"href":"https:\/\/7house.it\/de\/wp-json\/wp\/v2\/product_brand?post=1433"},{"taxonomy":"product_cat","embeddable":true,"href":"https:\/\/7house.it\/de\/wp-json\/wp\/v2\/product_cat?post=1433"},{"taxonomy":"product_tag","embeddable":true,"href":"https:\/\/7house.it\/de\/wp-json\/wp\/v2\/product_tag?post=1433"}],"curies":[{"name":"wp","href":"https:\/\/api.w.org\/{rel}","templated":true}]}}