{"id":1438,"date":"2024-05-28T16:34:07","date_gmt":"2024-05-28T16:34:07","guid":{"rendered":"https:\/\/7house.it\/product\/nationaler-rohschinken\/"},"modified":"2025-06-22T08:24:10","modified_gmt":"2025-06-22T08:24:10","slug":"nationaler-rohschinken","status":"publish","type":"product","link":"https:\/\/7house.it\/de\/prodotto\/nationaler-rohschinken\/","title":{"rendered":"Nationaler Rohschinken"},"content":{"rendered":"","protected":false},"excerpt":{"rendered":"<p><em>Prosciutto Crudo ist ein Symbol der italienischen Gastronomie. Der Crudo von Ca&#8216; del Sette wird aus einer gro\u00dfen Auswahl an Rohstoffen und einer Reihe von kleinen Raffinessen gewonnen, die ihm das gewisse Etwas verleihen, das bei der Verkostung immer wieder \u00fcberrascht. Es ist unm\u00f6glich, nicht zu bemerken, dass man ein Produkt mit ausgepr\u00e4gtem Geschmack, Geruch und Farbe genie\u00dft, das durch die Freisetzung seiner ganzen S\u00fc\u00dfe gro\u00dfe Emotionen hervorruft.<\/em><\/p>\n<p><strong>Lagertemperatur:<\/strong> von 0\u00b0 C bis + 4\u00b0 C<br \/>\nENTH\u00c4LT KEINE ALLERGENE<\/p>\n","protected":false},"featured_media":2034,"comment_status":"open","ping_status":"closed","template":"","meta":{"om_disable_all_campaigns":false,"_monsterinsights_skip_tracking":false,"_monsterinsights_sitenote_active":false,"_monsterinsights_sitenote_note":"","_monsterinsights_sitenote_category":0,"_uf_show_specific_survey":0,"_uf_disable_surveys":false},"product_brand":[],"product_cat":[156],"product_tag":[],"class_list":{"0":"post-1438","1":"product","2":"type-product","3":"status-publish","4":"has-post-thumbnail","6":"product_cat-aufschnitt","8":"first","9":"outofstock","10":"taxable","11":"shipping-taxable","12":"purchasable","13":"product-type-simple"},"_links":{"self":[{"href":"https:\/\/7house.it\/de\/wp-json\/wp\/v2\/product\/1438","targetHints":{"allow":["GET"]}}],"collection":[{"href":"https:\/\/7house.it\/de\/wp-json\/wp\/v2\/product"}],"about":[{"href":"https:\/\/7house.it\/de\/wp-json\/wp\/v2\/types\/product"}],"replies":[{"embeddable":true,"href":"https:\/\/7house.it\/de\/wp-json\/wp\/v2\/comments?post=1438"}],"wp:featuredmedia":[{"embeddable":true,"href":"https:\/\/7house.it\/de\/wp-json\/wp\/v2\/media\/2034"}],"wp:attachment":[{"href":"https:\/\/7house.it\/de\/wp-json\/wp\/v2\/media?parent=1438"}],"wp:term":[{"taxonomy":"product_brand","embeddable":true,"href":"https:\/\/7house.it\/de\/wp-json\/wp\/v2\/product_brand?post=1438"},{"taxonomy":"product_cat","embeddable":true,"href":"https:\/\/7house.it\/de\/wp-json\/wp\/v2\/product_cat?post=1438"},{"taxonomy":"product_tag","embeddable":true,"href":"https:\/\/7house.it\/de\/wp-json\/wp\/v2\/product_tag?post=1438"}],"curies":[{"name":"wp","href":"https:\/\/api.w.org\/{rel}","templated":true}]}}