{"id":1443,"date":"2024-05-28T16:38:30","date_gmt":"2024-05-28T16:38:30","guid":{"rendered":"https:\/\/7house.it\/product\/salami-ohne-knoblauch\/"},"modified":"2025-01-03T11:34:57","modified_gmt":"2025-01-03T11:34:57","slug":"salami-ohne-knoblauch","status":"publish","type":"product","link":"https:\/\/7house.it\/de\/prodotto\/salami-ohne-knoblauch\/","title":{"rendered":"Salami ohne Knoblauch"},"content":{"rendered":"","protected":false},"excerpt":{"rendered":"<p><em>Fleisch von ausgew\u00e4hlten Herden aus der Region Venetien macht es zu einem unverf\u00e4lschten und k\u00f6stlichen Produkt. <\/em><em>Die beste Gelegenheit, es zu kosten? Zu jeder Gelegenheit! Bei wichtigen Anl\u00e4ssen eignet er sich hervorragend als Aperitif, f\u00f6rdert die Geselligkeit und das Gespr\u00e4ch mit Freunden. Wenn man allein ist und sich etwas g\u00f6nnen m\u00f6chte, gen\u00fcgt eine Scheibe Salami, um sich in Gesellschaft zu f\u00fchlen.<\/em><\/p>\n<p><strong>Lagertemperatur:<\/strong> von 0\u00b0 C bis + 4\u00b0 C<br \/>\nENTH\u00c4LT KEINE ALLERGENE<\/p>\n","protected":false},"featured_media":2018,"comment_status":"open","ping_status":"closed","template":"","meta":{"om_disable_all_campaigns":false,"_monsterinsights_skip_tracking":false,"_monsterinsights_sitenote_active":false,"_monsterinsights_sitenote_note":"","_monsterinsights_sitenote_category":0,"_uf_show_specific_survey":0,"_uf_disable_surveys":false},"product_brand":[],"product_cat":[156],"product_tag":[],"class_list":{"0":"post-1443","1":"product","2":"type-product","3":"status-publish","4":"has-post-thumbnail","6":"product_cat-aufschnitt","8":"first","9":"instock","10":"taxable","11":"shipping-taxable","12":"purchasable","13":"product-type-simple"},"_links":{"self":[{"href":"https:\/\/7house.it\/de\/wp-json\/wp\/v2\/product\/1443","targetHints":{"allow":["GET"]}}],"collection":[{"href":"https:\/\/7house.it\/de\/wp-json\/wp\/v2\/product"}],"about":[{"href":"https:\/\/7house.it\/de\/wp-json\/wp\/v2\/types\/product"}],"replies":[{"embeddable":true,"href":"https:\/\/7house.it\/de\/wp-json\/wp\/v2\/comments?post=1443"}],"wp:featuredmedia":[{"embeddable":true,"href":"https:\/\/7house.it\/de\/wp-json\/wp\/v2\/media\/2018"}],"wp:attachment":[{"href":"https:\/\/7house.it\/de\/wp-json\/wp\/v2\/media?parent=1443"}],"wp:term":[{"taxonomy":"product_brand","embeddable":true,"href":"https:\/\/7house.it\/de\/wp-json\/wp\/v2\/product_brand?post=1443"},{"taxonomy":"product_cat","embeddable":true,"href":"https:\/\/7house.it\/de\/wp-json\/wp\/v2\/product_cat?post=1443"},{"taxonomy":"product_tag","embeddable":true,"href":"https:\/\/7house.it\/de\/wp-json\/wp\/v2\/product_tag?post=1443"}],"curies":[{"name":"wp","href":"https:\/\/api.w.org\/{rel}","templated":true}]}}