{"id":1446,"date":"2024-05-28T16:41:34","date_gmt":"2024-05-28T16:41:34","guid":{"rendered":"https:\/\/7house.it\/?post_type=product&#038;p=1446"},"modified":"2025-01-01T18:47:54","modified_gmt":"2025-01-01T18:47:54","slug":"salami-ohne-knoblauch-copia","status":"publish","type":"product","link":"https:\/\/7house.it\/de\/prodotto\/salami-ohne-knoblauch-copia\/","title":{"rendered":"Gew\u00fcrzter S\u00e4ulenspeck\u00a0"},"content":{"rendered":"","protected":false},"excerpt":{"rendered":"<p><em>Das Fleisch f\u00fcr den gew\u00fcrzten Bauchspeck von Ca&#8216; del Sette stammt von ausgew\u00e4hlten Betrieben aus der Region Venetien. Der Geschmack ist kr\u00e4ftig, ungesalzen und leicht pikant. Die Pancetta stagionata ist ein unverzichtbarer Wurstwarenartikel, der auf einem Schneidebrett als Vorspeise den traditionellen Geschmack respektiert, aber am besten schmeckt er, wenn er von Hand in Scheiben geschnitten und in der K\u00fcche verwendet wird, nachdem er in der Pfanne gebraten wurde, um ihn k\u00f6stlich knusprig zu machen.<\/em><\/p>\n<p><strong>Lagertemperatur:<\/strong> von 0\u00b0 C bis + 4\u00b0 C<br \/>\nALLERGENFREI<\/p>\n","protected":false},"featured_media":2038,"comment_status":"open","ping_status":"closed","template":"","meta":{"om_disable_all_campaigns":false,"_monsterinsights_skip_tracking":false,"_monsterinsights_sitenote_active":false,"_monsterinsights_sitenote_note":"","_monsterinsights_sitenote_category":0,"_uf_show_specific_survey":0,"_uf_disable_surveys":false},"product_brand":[],"product_cat":[156],"product_tag":[],"class_list":{"0":"post-1446","1":"product","2":"type-product","3":"status-publish","4":"has-post-thumbnail","6":"product_cat-aufschnitt","8":"first","9":"outofstock","10":"taxable","11":"shipping-taxable","12":"purchasable","13":"product-type-simple"},"_links":{"self":[{"href":"https:\/\/7house.it\/de\/wp-json\/wp\/v2\/product\/1446","targetHints":{"allow":["GET"]}}],"collection":[{"href":"https:\/\/7house.it\/de\/wp-json\/wp\/v2\/product"}],"about":[{"href":"https:\/\/7house.it\/de\/wp-json\/wp\/v2\/types\/product"}],"replies":[{"embeddable":true,"href":"https:\/\/7house.it\/de\/wp-json\/wp\/v2\/comments?post=1446"}],"wp:featuredmedia":[{"embeddable":true,"href":"https:\/\/7house.it\/de\/wp-json\/wp\/v2\/media\/2038"}],"wp:attachment":[{"href":"https:\/\/7house.it\/de\/wp-json\/wp\/v2\/media?parent=1446"}],"wp:term":[{"taxonomy":"product_brand","embeddable":true,"href":"https:\/\/7house.it\/de\/wp-json\/wp\/v2\/product_brand?post=1446"},{"taxonomy":"product_cat","embeddable":true,"href":"https:\/\/7house.it\/de\/wp-json\/wp\/v2\/product_cat?post=1446"},{"taxonomy":"product_tag","embeddable":true,"href":"https:\/\/7house.it\/de\/wp-json\/wp\/v2\/product_tag?post=1446"}],"curies":[{"name":"wp","href":"https:\/\/api.w.org\/{rel}","templated":true}]}}