{"id":1456,"date":"2024-05-28T16:49:34","date_gmt":"2024-05-28T16:49:34","guid":{"rendered":"https:\/\/7house.it\/product\/grappa-giovane\/"},"modified":"2024-06-03T15:58:15","modified_gmt":"2024-06-03T15:58:15","slug":"grappa-giovane","status":"publish","type":"product","link":"https:\/\/7house.it\/de\/prodotto\/grappa-giovane\/","title":{"rendered":"Grappa Giovane"},"content":{"rendered":"","protected":false},"excerpt":{"rendered":"<p><em>Der Wei\u00dfe Grappa ist das Erbe der alten b\u00e4uerlichen Tradition der Gewinnung eines alkoholischen Getr\u00e4nks aus Trester. Unser Wei\u00dfer Grappa ist eine Reise durch die Geschichte, die Tradition und die Vielfalt unseres Landes. Heute ist der Grappa Bianca eines der beliebtesten alkoholischen Getr\u00e4nke Italiens, ein Symbol f\u00fcr Made in Italy und wird ausschlie\u00dflich aus italienischen Trestern hergestellt.<\/em><\/p>\n<p><strong>Kategorie:<\/strong> Junger wei\u00dfer Grappa<br \/>\n<strong>Format:<\/strong> 0,70 Lt.<br \/>\n<strong>Alkoholgehalt:<\/strong> 40% Alc. Vol.<br \/>\n<strong>Paarung:<\/strong> Passt gut zu Weichk\u00e4se, der nicht besonders schmackhaft ist, und zu Aprikosenmarmelade. Er passt hervorragend zu Schokoladendesserts, Obstkuchen oder Desserts mit frischem Obst.<br \/>\n<strong>Aufbewahrung:<\/strong> Vor Licht sch\u00fctzen, nach dem \u00d6ffnen nicht an der Luft lagern.<\/p>\n","protected":false},"featured_media":1959,"comment_status":"open","ping_status":"closed","template":"","meta":{"om_disable_all_campaigns":false,"_monsterinsights_skip_tracking":false,"_monsterinsights_sitenote_active":false,"_monsterinsights_sitenote_note":"","_monsterinsights_sitenote_category":0,"_uf_show_specific_survey":0,"_uf_disable_surveys":false},"product_brand":[],"product_cat":[163],"product_tag":[],"class_list":{"0":"post-1456","1":"product","2":"type-product","3":"status-publish","4":"has-post-thumbnail","6":"product_cat-destillate","8":"first","9":"instock","10":"taxable","11":"shipping-taxable","12":"purchasable","13":"product-type-simple"},"_links":{"self":[{"href":"https:\/\/7house.it\/de\/wp-json\/wp\/v2\/product\/1456","targetHints":{"allow":["GET"]}}],"collection":[{"href":"https:\/\/7house.it\/de\/wp-json\/wp\/v2\/product"}],"about":[{"href":"https:\/\/7house.it\/de\/wp-json\/wp\/v2\/types\/product"}],"replies":[{"embeddable":true,"href":"https:\/\/7house.it\/de\/wp-json\/wp\/v2\/comments?post=1456"}],"wp:featuredmedia":[{"embeddable":true,"href":"https:\/\/7house.it\/de\/wp-json\/wp\/v2\/media\/1959"}],"wp:attachment":[{"href":"https:\/\/7house.it\/de\/wp-json\/wp\/v2\/media?parent=1456"}],"wp:term":[{"taxonomy":"product_brand","embeddable":true,"href":"https:\/\/7house.it\/de\/wp-json\/wp\/v2\/product_brand?post=1456"},{"taxonomy":"product_cat","embeddable":true,"href":"https:\/\/7house.it\/de\/wp-json\/wp\/v2\/product_cat?post=1456"},{"taxonomy":"product_tag","embeddable":true,"href":"https:\/\/7house.it\/de\/wp-json\/wp\/v2\/product_tag?post=1456"}],"curies":[{"name":"wp","href":"https:\/\/api.w.org\/{rel}","templated":true}]}}