{"id":1464,"date":"2024-05-28T16:56:40","date_gmt":"2024-05-28T16:56:40","guid":{"rendered":"https:\/\/7house.it\/?post_type=product&#038;p=1464"},"modified":"2024-06-03T16:01:11","modified_gmt":"2024-06-03T16:01:11","slug":"prosecco-grappa-copia","status":"publish","type":"product","link":"https:\/\/7house.it\/de\/prodotto\/prosecco-grappa-copia\/","title":{"rendered":"Gealterter Grappa aus Amarone"},"content":{"rendered":"","protected":false},"excerpt":{"rendered":"<p><em>Im Herzen des Valpolicella, wo die Weinberge vom Rot des Amarone gef\u00e4rbt sind, wird ein Destillat alter Weisheit geboren: Grappa Amarone Riserva Ca&#8216; del Sette. <\/em><br \/>\n<em>Wie ein Geheimnis, das zwischen den Trestern geh\u00fctet wird, fl\u00fcstert er Geschichten \u00fcber gro\u00dfz\u00fcgige L\u00e4ndereien.<\/em><\/p>\n<p><strong>Kategorie:<\/strong> Gereifter Grappa aus Amarone<br \/>\n<strong>Format:<\/strong> 0,70 Lt.<br \/>\n<strong>Alkoholgehalt:<\/strong> 40% Alc. Vol.<br \/>\n<strong>Paarung:<\/strong> Passt hervorragend zu Desserts mit s\u00fc\u00dfem und intensivem Geschmack wie getrockneten Feigen oder einem dunklen Schokoladenkuchen mit kandierten Orangen. Er eignet sich auch hervorragend als Abschluss einer Mahlzeit in Kombination mit Blauschimmelk\u00e4se oder als eigenst\u00e4ndiger Genuss. Er eignet sich auch perfekt f\u00fcr den Sommer oder um dem Winter einen Hauch von Leichtigkeit zu verleihen, indem er Cocktails mit Zitrusfr\u00fcchten und Charakter kreiert: f\u00fcr alle, die ein Glas Qualit\u00e4t mit nur wenigen Zutaten genie\u00dfen.<br \/>\n<strong>Aufbewahrung:<\/strong> vor Licht gesch\u00fctzt aufbewahren, nach dem \u00d6ffnen nicht an der Luft lagern.<\/p>\n","protected":false},"featured_media":1955,"comment_status":"open","ping_status":"closed","template":"","meta":{"om_disable_all_campaigns":false,"_monsterinsights_skip_tracking":false,"_monsterinsights_sitenote_active":false,"_monsterinsights_sitenote_note":"","_monsterinsights_sitenote_category":0,"_uf_show_specific_survey":0,"_uf_disable_surveys":false},"product_brand":[],"product_cat":[163],"product_tag":[],"class_list":{"0":"post-1464","1":"product","2":"type-product","3":"status-publish","4":"has-post-thumbnail","6":"product_cat-destillate","8":"first","9":"outofstock","10":"taxable","11":"shipping-taxable","12":"purchasable","13":"product-type-simple"},"_links":{"self":[{"href":"https:\/\/7house.it\/de\/wp-json\/wp\/v2\/product\/1464","targetHints":{"allow":["GET"]}}],"collection":[{"href":"https:\/\/7house.it\/de\/wp-json\/wp\/v2\/product"}],"about":[{"href":"https:\/\/7house.it\/de\/wp-json\/wp\/v2\/types\/product"}],"replies":[{"embeddable":true,"href":"https:\/\/7house.it\/de\/wp-json\/wp\/v2\/comments?post=1464"}],"wp:featuredmedia":[{"embeddable":true,"href":"https:\/\/7house.it\/de\/wp-json\/wp\/v2\/media\/1955"}],"wp:attachment":[{"href":"https:\/\/7house.it\/de\/wp-json\/wp\/v2\/media?parent=1464"}],"wp:term":[{"taxonomy":"product_brand","embeddable":true,"href":"https:\/\/7house.it\/de\/wp-json\/wp\/v2\/product_brand?post=1464"},{"taxonomy":"product_cat","embeddable":true,"href":"https:\/\/7house.it\/de\/wp-json\/wp\/v2\/product_cat?post=1464"},{"taxonomy":"product_tag","embeddable":true,"href":"https:\/\/7house.it\/de\/wp-json\/wp\/v2\/product_tag?post=1464"}],"curies":[{"name":"wp","href":"https:\/\/api.w.org\/{rel}","templated":true}]}}