{"id":1482,"date":"2024-05-28T17:04:34","date_gmt":"2024-05-28T17:04:34","guid":{"rendered":"https:\/\/7house.it\/product\/gin\/"},"modified":"2024-06-03T16:03:46","modified_gmt":"2024-06-03T16:03:46","slug":"gin","status":"publish","type":"product","link":"https:\/\/7house.it\/de\/prodotto\/gin\/","title":{"rendered":"Gin"},"content":{"rendered":"","protected":false},"excerpt":{"rendered":"<p><em>Von allen Adjektiven, die zur Beschreibung dieses Gins verwendet werden, sind \u201eeinzigartig\u201c und \u201eungew\u00f6hnlich\u201c sicherlich die passendsten. Ein bekanntes Produkt, das einfach getrunken werden muss.<\/em><\/p>\n<p><strong>Format:<\/strong> 1,00 Lt.<br \/>\n<strong>Alkoholgehalt:<\/strong> 15% Alc. Vol.<br \/>\n<strong>Beschreibung:<\/strong> Transparent und kristallin im Geschmack. Raffiniert und elegant, mit einem fein facettierten Bouquet. Der Eintritt in den Gaumen ist von au\u00dfergew\u00f6hnlicher Weichheit, mit intensiven und harmonischen Aromen, die die Sinne umh\u00fcllen und zu einem frischen und ausgewogenen Abgang von bemerkenswerter geschmacklicher Persistenz begleiten.<br \/>\n<strong>Pairings:<\/strong> F\u00fcr einen Abend mit Freunden oder ein Rendezvous mit sich selbst erweist sich der Ca&#8216; del Sette Gin als au\u00dfergew\u00f6hnliche Grundlage f\u00fcr ein gutes Glas, das nur mit Perfektion und erstklassigen Zutaten zubereitet werden muss.<\/p>\n","protected":false},"featured_media":1951,"comment_status":"open","ping_status":"closed","template":"","meta":{"om_disable_all_campaigns":false,"_monsterinsights_skip_tracking":false,"_monsterinsights_sitenote_active":false,"_monsterinsights_sitenote_note":"","_monsterinsights_sitenote_category":0,"_uf_show_specific_survey":0,"_uf_disable_surveys":false},"product_brand":[],"product_cat":[169],"product_tag":[],"class_list":{"0":"post-1482","1":"product","2":"type-product","3":"status-publish","4":"has-post-thumbnail","6":"product_cat-gin-de","8":"first","9":"outofstock","10":"taxable","11":"shipping-taxable","12":"purchasable","13":"product-type-simple"},"_links":{"self":[{"href":"https:\/\/7house.it\/de\/wp-json\/wp\/v2\/product\/1482","targetHints":{"allow":["GET"]}}],"collection":[{"href":"https:\/\/7house.it\/de\/wp-json\/wp\/v2\/product"}],"about":[{"href":"https:\/\/7house.it\/de\/wp-json\/wp\/v2\/types\/product"}],"replies":[{"embeddable":true,"href":"https:\/\/7house.it\/de\/wp-json\/wp\/v2\/comments?post=1482"}],"wp:featuredmedia":[{"embeddable":true,"href":"https:\/\/7house.it\/de\/wp-json\/wp\/v2\/media\/1951"}],"wp:attachment":[{"href":"https:\/\/7house.it\/de\/wp-json\/wp\/v2\/media?parent=1482"}],"wp:term":[{"taxonomy":"product_brand","embeddable":true,"href":"https:\/\/7house.it\/de\/wp-json\/wp\/v2\/product_brand?post=1482"},{"taxonomy":"product_cat","embeddable":true,"href":"https:\/\/7house.it\/de\/wp-json\/wp\/v2\/product_cat?post=1482"},{"taxonomy":"product_tag","embeddable":true,"href":"https:\/\/7house.it\/de\/wp-json\/wp\/v2\/product_tag?post=1482"}],"curies":[{"name":"wp","href":"https:\/\/api.w.org\/{rel}","templated":true}]}}