{"id":1484,"date":"2024-05-28T17:07:42","date_gmt":"2024-05-28T17:07:42","guid":{"rendered":"https:\/\/7house.it\/product\/bitter\/"},"modified":"2024-06-03T16:05:33","modified_gmt":"2024-06-03T16:05:33","slug":"bitter","status":"publish","type":"product","link":"https:\/\/7house.it\/de\/prodotto\/bitter\/","title":{"rendered":"Bitter"},"content":{"rendered":"","protected":false},"excerpt":{"rendered":"<p><em>Wie immer bei den Produkten von Ca&#8216; del Sette wurden die Zutaten f\u00fcr diesen Bitter mit gro\u00dfer Sorgfalt und unter Ber\u00fccksichtigung der Qualit\u00e4t ausgew\u00e4hlt.<\/em><br \/>\n<em>Bitter ist ein alkoholisches Getr\u00e4nk, das sich durch einen bitteren und aromatischen Geschmack auszeichnet. Seine Geschichte geht auf die antike Kr\u00e4uterkunde zur\u00fcck, als Aufg\u00fcsse aus Kr\u00e4utern und Wurzeln zu medizinischen Zwecken zubereitet wurden. Im Laufe der Zeit wurden die Rezepte perfektioniert und in ein Bittergetr\u00e4nk umgewandelt, das oft als Aperitif oder Digestif verwendet wird.<\/em><\/p>\n<p><strong>Format:<\/strong> 1,00 Lt.<br \/>\n<strong>Alkoholgehalt:<\/strong> 25% Alc. Vol.<br \/>\n<strong>Paarung:<\/strong> Er kann pur mit Eis genossen, in Cocktails gemischt oder als Zutat verwendet werden, um kulinarischen Zubereitungen eine bittere und aromatische Note zu verleihen.<\/p>\n","protected":false},"featured_media":1947,"comment_status":"open","ping_status":"closed","template":"","meta":{"om_disable_all_campaigns":false,"_monsterinsights_skip_tracking":false,"_monsterinsights_sitenote_active":false,"_monsterinsights_sitenote_note":"","_monsterinsights_sitenote_category":0,"_uf_show_specific_survey":0,"_uf_disable_surveys":false},"product_brand":[],"product_cat":[175],"product_tag":[],"class_list":{"0":"post-1484","1":"product","2":"type-product","3":"status-publish","4":"has-post-thumbnail","6":"product_cat-bitter-de","8":"first","9":"instock","10":"taxable","11":"shipping-taxable","12":"purchasable","13":"product-type-simple"},"_links":{"self":[{"href":"https:\/\/7house.it\/de\/wp-json\/wp\/v2\/product\/1484","targetHints":{"allow":["GET"]}}],"collection":[{"href":"https:\/\/7house.it\/de\/wp-json\/wp\/v2\/product"}],"about":[{"href":"https:\/\/7house.it\/de\/wp-json\/wp\/v2\/types\/product"}],"replies":[{"embeddable":true,"href":"https:\/\/7house.it\/de\/wp-json\/wp\/v2\/comments?post=1484"}],"wp:featuredmedia":[{"embeddable":true,"href":"https:\/\/7house.it\/de\/wp-json\/wp\/v2\/media\/1947"}],"wp:attachment":[{"href":"https:\/\/7house.it\/de\/wp-json\/wp\/v2\/media?parent=1484"}],"wp:term":[{"taxonomy":"product_brand","embeddable":true,"href":"https:\/\/7house.it\/de\/wp-json\/wp\/v2\/product_brand?post=1484"},{"taxonomy":"product_cat","embeddable":true,"href":"https:\/\/7house.it\/de\/wp-json\/wp\/v2\/product_cat?post=1484"},{"taxonomy":"product_tag","embeddable":true,"href":"https:\/\/7house.it\/de\/wp-json\/wp\/v2\/product_tag?post=1484"}],"curies":[{"name":"wp","href":"https:\/\/api.w.org\/{rel}","templated":true}]}}