{"id":1487,"date":"2024-05-28T17:14:47","date_gmt":"2024-05-28T17:14:47","guid":{"rendered":"https:\/\/7house.it\/?post_type=product&#038;p=1487"},"modified":"2024-06-03T16:06:41","modified_gmt":"2024-06-03T16:06:41","slug":"bitter-copia","status":"publish","type":"product","link":"https:\/\/7house.it\/de\/prodotto\/bitter-copia\/","title":{"rendered":"Pflaumenlik\u00f6r"},"content":{"rendered":"","protected":false},"excerpt":{"rendered":"<p><em>Der zarte, weiche und umh\u00fcllende Pflaumenlik\u00f6r ist ein organoleptischer Genuss, der seit \u00fcber einem Jahrhundert zum Lebensstil geh\u00f6rt.<\/em><\/p>\n<p><strong>Format:<\/strong> 1,00 Lt.<br \/>\n<strong>Alkoholgehalt:<\/strong> 35% Alc. Vol.<br \/>\n<strong>Paarung:<\/strong> Er ist der perfekte Begleiter f\u00fcr Nougat-, Zitronen- und Vanille-Desserts. Man genie\u00dft ihn pur mit Eis oder im Winter leicht erw\u00e4rmt mit Schlagsahne. Er kann auch bei Zimmertemperatur in einem Aperitifglas genossen werden. Dieser Pflaumenlik\u00f6r ist ein gro\u00dfartiger Klassiker, der gek\u00fchlt serviert werden kann und sich hervorragend als Kaffeekorrektur eignet, eventuell in Begleitung von trockenem Geb\u00e4ck oder auf Obstsalaten und Eiscreme.<\/p>\n","protected":false},"featured_media":1967,"comment_status":"open","ping_status":"closed","template":"","meta":{"om_disable_all_campaigns":false,"_monsterinsights_skip_tracking":false,"_monsterinsights_sitenote_active":false,"_monsterinsights_sitenote_note":"","_monsterinsights_sitenote_category":0,"_uf_show_specific_survey":0,"_uf_disable_surveys":false},"product_brand":[],"product_cat":[166],"product_tag":[],"class_list":{"0":"post-1487","1":"product","2":"type-product","3":"status-publish","4":"has-post-thumbnail","6":"product_cat-likore","8":"first","9":"instock","10":"taxable","11":"shipping-taxable","12":"purchasable","13":"product-type-simple"},"_links":{"self":[{"href":"https:\/\/7house.it\/de\/wp-json\/wp\/v2\/product\/1487","targetHints":{"allow":["GET"]}}],"collection":[{"href":"https:\/\/7house.it\/de\/wp-json\/wp\/v2\/product"}],"about":[{"href":"https:\/\/7house.it\/de\/wp-json\/wp\/v2\/types\/product"}],"replies":[{"embeddable":true,"href":"https:\/\/7house.it\/de\/wp-json\/wp\/v2\/comments?post=1487"}],"wp:featuredmedia":[{"embeddable":true,"href":"https:\/\/7house.it\/de\/wp-json\/wp\/v2\/media\/1967"}],"wp:attachment":[{"href":"https:\/\/7house.it\/de\/wp-json\/wp\/v2\/media?parent=1487"}],"wp:term":[{"taxonomy":"product_brand","embeddable":true,"href":"https:\/\/7house.it\/de\/wp-json\/wp\/v2\/product_brand?post=1487"},{"taxonomy":"product_cat","embeddable":true,"href":"https:\/\/7house.it\/de\/wp-json\/wp\/v2\/product_cat?post=1487"},{"taxonomy":"product_tag","embeddable":true,"href":"https:\/\/7house.it\/de\/wp-json\/wp\/v2\/product_tag?post=1487"}],"curies":[{"name":"wp","href":"https:\/\/api.w.org\/{rel}","templated":true}]}}