{"id":1491,"date":"2024-05-28T17:18:08","date_gmt":"2024-05-28T17:18:08","guid":{"rendered":"https:\/\/7house.it\/?post_type=product&#038;p=1491"},"modified":"2024-06-03T16:09:37","modified_gmt":"2024-06-03T16:09:37","slug":"pflaumenlikor-copia","status":"publish","type":"product","link":"https:\/\/7house.it\/de\/prodotto\/pflaumenlikor-copia\/","title":{"rendered":"Limoncello"},"content":{"rendered":"","protected":false},"excerpt":{"rendered":"<p><em>Limoncello ist ein ber\u00fchmter italienischer Lik\u00f6r, der aus Zitronenschalen hergestellt wird. Als stolzer Italiener, der ihn oft selbst herstellt, ist Limoncello in der ganzen Welt beliebt.<\/em><br \/>\n<em>Er hat eine leuchtend gelbe Farbe, ist sehr intensiv und konzentriert und f\u00e4llt sofort durch den Duft der Zitronenschalen auf, der von den \u00e4therischen Noten des Alkohols begleitet wird. Der Geschmack ist weich, ausgewogen und s\u00fc\u00df, mit einem langen und saftigen Nachklang von Zitrusfr\u00fcchten.<\/em><\/p>\n<p><strong>Format:<\/strong> 0,70 Lt.<br \/>\n<strong>Alkoholgehalt:<\/strong> 30% Alc. Vol.<br \/>\n<strong>Paarung:<\/strong> Er wird typischerweise als Digestif nach dem Essen serviert, pur oder auf Eis. Er eignet sich auch hervorragend f\u00fcr die Zubereitung frischer und origineller Cocktails.<\/p>\n","protected":false},"featured_media":1963,"comment_status":"open","ping_status":"closed","template":"","meta":{"om_disable_all_campaigns":false,"_monsterinsights_skip_tracking":false,"_monsterinsights_sitenote_active":false,"_monsterinsights_sitenote_note":"","_monsterinsights_sitenote_category":0,"_uf_show_specific_survey":0,"_uf_disable_surveys":false},"product_brand":[],"product_cat":[149,166],"product_tag":[],"class_list":{"0":"post-1491","1":"product","2":"type-product","3":"status-publish","4":"has-post-thumbnail","6":"product_cat-angebote","7":"product_cat-likore","9":"first","10":"outofstock","11":"sale","12":"taxable","13":"shipping-taxable","14":"purchasable","15":"product-type-simple"},"_links":{"self":[{"href":"https:\/\/7house.it\/de\/wp-json\/wp\/v2\/product\/1491","targetHints":{"allow":["GET"]}}],"collection":[{"href":"https:\/\/7house.it\/de\/wp-json\/wp\/v2\/product"}],"about":[{"href":"https:\/\/7house.it\/de\/wp-json\/wp\/v2\/types\/product"}],"replies":[{"embeddable":true,"href":"https:\/\/7house.it\/de\/wp-json\/wp\/v2\/comments?post=1491"}],"wp:featuredmedia":[{"embeddable":true,"href":"https:\/\/7house.it\/de\/wp-json\/wp\/v2\/media\/1963"}],"wp:attachment":[{"href":"https:\/\/7house.it\/de\/wp-json\/wp\/v2\/media?parent=1491"}],"wp:term":[{"taxonomy":"product_brand","embeddable":true,"href":"https:\/\/7house.it\/de\/wp-json\/wp\/v2\/product_brand?post=1491"},{"taxonomy":"product_cat","embeddable":true,"href":"https:\/\/7house.it\/de\/wp-json\/wp\/v2\/product_cat?post=1491"},{"taxonomy":"product_tag","embeddable":true,"href":"https:\/\/7house.it\/de\/wp-json\/wp\/v2\/product_tag?post=1491"}],"curies":[{"name":"wp","href":"https:\/\/api.w.org\/{rel}","templated":true}]}}