{"id":1499,"date":"2024-05-28T17:25:26","date_gmt":"2024-05-28T17:25:26","guid":{"rendered":"https:\/\/7house.it\/?post_type=product&#038;p=1499"},"modified":"2025-01-03T11:34:57","modified_gmt":"2025-01-03T11:34:57","slug":"salami-mit-filacorta-spumante-wein-copia","status":"publish","type":"product","link":"https:\/\/7house.it\/de\/prodotto\/salami-mit-filacorta-spumante-wein-copia\/","title":{"rendered":"Salami mit Amante Wein"},"content":{"rendered":"","protected":false},"excerpt":{"rendered":"<p><em>Die Technik der Reifung von Aufschnitt in Wein reicht Jahrhunderte zur\u00fcck. Die Zugabe von Wein zur Wurstmischung ist eine Technik, die auf eine lange Geschichte zur\u00fcckblicken kann und schon immer dazu diente, eine bessere Reifung der Mischung zu gew\u00e4hrleisten. Heute wird sie auch in der Region Venetien wiederbelebt und entwickelt sich zu einer echten Technik, um bestimmte Salamisorten schmackhafter zu machen.<\/em><\/p>\n<p><strong>Typologie:<\/strong> Salami mit Amante Wein &#8211; Rosso Veneto Igt<br \/>\n<strong>Lagertemperatur:<\/strong> von 0\u00b0 C bis + 4\u00b0 C<\/p>\n","protected":false},"featured_media":2010,"comment_status":"open","ping_status":"closed","template":"","meta":{"om_disable_all_campaigns":false,"_monsterinsights_skip_tracking":false,"_monsterinsights_sitenote_active":false,"_monsterinsights_sitenote_note":"","_monsterinsights_sitenote_category":0,"_uf_show_specific_survey":0,"_uf_disable_surveys":false},"product_brand":[],"product_cat":[156],"product_tag":[],"class_list":{"0":"post-1499","1":"product","2":"type-product","3":"status-publish","4":"has-post-thumbnail","6":"product_cat-aufschnitt","8":"first","9":"outofstock","10":"taxable","11":"shipping-taxable","12":"purchasable","13":"product-type-simple"},"_links":{"self":[{"href":"https:\/\/7house.it\/de\/wp-json\/wp\/v2\/product\/1499","targetHints":{"allow":["GET"]}}],"collection":[{"href":"https:\/\/7house.it\/de\/wp-json\/wp\/v2\/product"}],"about":[{"href":"https:\/\/7house.it\/de\/wp-json\/wp\/v2\/types\/product"}],"replies":[{"embeddable":true,"href":"https:\/\/7house.it\/de\/wp-json\/wp\/v2\/comments?post=1499"}],"wp:featuredmedia":[{"embeddable":true,"href":"https:\/\/7house.it\/de\/wp-json\/wp\/v2\/media\/2010"}],"wp:attachment":[{"href":"https:\/\/7house.it\/de\/wp-json\/wp\/v2\/media?parent=1499"}],"wp:term":[{"taxonomy":"product_brand","embeddable":true,"href":"https:\/\/7house.it\/de\/wp-json\/wp\/v2\/product_brand?post=1499"},{"taxonomy":"product_cat","embeddable":true,"href":"https:\/\/7house.it\/de\/wp-json\/wp\/v2\/product_cat?post=1499"},{"taxonomy":"product_tag","embeddable":true,"href":"https:\/\/7house.it\/de\/wp-json\/wp\/v2\/product_tag?post=1499"}],"curies":[{"name":"wp","href":"https:\/\/api.w.org\/{rel}","templated":true}]}}