{"id":1512,"date":"2024-05-28T17:36:40","date_gmt":"2024-05-28T17:36:40","guid":{"rendered":"https:\/\/7house.it\/product\/6-flaschen-holzkiste\/"},"modified":"2025-01-01T18:38:39","modified_gmt":"2025-01-01T18:38:39","slug":"6-flaschen-holzkiste","status":"publish","type":"product","link":"https:\/\/7house.it\/de\/prodotto\/6-flaschen-holzkiste\/","title":{"rendered":"6 Flaschen Holzkiste"},"content":{"rendered":"","protected":false},"excerpt":{"rendered":"<p><em>Die h\u00f6lzerne Weinkiste kann eine besonders raffinierte Art sein, Weinflaschen zu pr\u00e4sentieren, die Sie verschenken m\u00f6chten. <\/em><br \/>\n<em>Die Holzkiste mit dem Ca&#8216; del Sette-Logo umschlie\u00dft die Flasche wie eine Schatulle ein Schmuckst\u00fcck. Eine Flasche Wein, die verschenkt wird, wird vom Beschenkten meist mit Stolz zur Schau gestellt. Die Weinkiste aus Holz ist die beste Art, die Flasche zu pr\u00e4sentieren.<\/em><\/p>\n<p><strong>Beschreibung:<\/strong> Holzkiste mit Ca&#8216; del Sette-Logo mit Metallhakenverschluss auf der Vorderseite und zwei Metallscharnieren auf der R\u00fcckseite.<br \/>\n<strong>Fassungsverm\u00f6gen:<\/strong> Kiste f\u00fcr sechs 0,75-l-Weinflaschen<br \/>\n<strong>Innenma\u00dfe:<\/strong> 32,5 x 16,5 x 28 (h) cm<br \/>\n<strong>Hinweis: <em>Der Artikel enth\u00e4lt keine Weinflaschen<\/em><\/strong><\/p>\n","protected":false},"featured_media":1632,"comment_status":"open","ping_status":"closed","template":"","meta":{"om_disable_all_campaigns":false,"_monsterinsights_skip_tracking":false,"_monsterinsights_sitenote_active":false,"_monsterinsights_sitenote_note":"","_monsterinsights_sitenote_category":0,"_uf_show_specific_survey":0,"_uf_disable_surveys":false},"product_brand":[],"product_cat":[146],"product_tag":[],"class_list":{"0":"post-1512","1":"product","2":"type-product","3":"status-publish","4":"has-post-thumbnail","6":"product_cat-holzerne-kiste","8":"first","9":"instock","10":"taxable","11":"shipping-taxable","12":"purchasable","13":"product-type-simple"},"_links":{"self":[{"href":"https:\/\/7house.it\/de\/wp-json\/wp\/v2\/product\/1512","targetHints":{"allow":["GET"]}}],"collection":[{"href":"https:\/\/7house.it\/de\/wp-json\/wp\/v2\/product"}],"about":[{"href":"https:\/\/7house.it\/de\/wp-json\/wp\/v2\/types\/product"}],"replies":[{"embeddable":true,"href":"https:\/\/7house.it\/de\/wp-json\/wp\/v2\/comments?post=1512"}],"wp:featuredmedia":[{"embeddable":true,"href":"https:\/\/7house.it\/de\/wp-json\/wp\/v2\/media\/1632"}],"wp:attachment":[{"href":"https:\/\/7house.it\/de\/wp-json\/wp\/v2\/media?parent=1512"}],"wp:term":[{"taxonomy":"product_brand","embeddable":true,"href":"https:\/\/7house.it\/de\/wp-json\/wp\/v2\/product_brand?post=1512"},{"taxonomy":"product_cat","embeddable":true,"href":"https:\/\/7house.it\/de\/wp-json\/wp\/v2\/product_cat?post=1512"},{"taxonomy":"product_tag","embeddable":true,"href":"https:\/\/7house.it\/de\/wp-json\/wp\/v2\/product_tag?post=1512"}],"curies":[{"name":"wp","href":"https:\/\/api.w.org\/{rel}","templated":true}]}}