{"id":2094,"date":"2025-01-20T11:05:03","date_gmt":"2025-01-20T11:05:03","guid":{"rendered":"https:\/\/7house.it\/prodotto\/filacorta-oro-spumante-millesimato\/"},"modified":"2025-01-20T12:43:50","modified_gmt":"2025-01-20T12:43:50","slug":"filacorta-oro-spumante-millesimato","status":"publish","type":"product","link":"https:\/\/7house.it\/de\/prodotto\/filacorta-oro-spumante-millesimato\/","title":{"rendered":"FILACORTA ORO &#8211; Spumante Millesimato"},"content":{"rendered":"","protected":false},"excerpt":{"rendered":"<p><em>Mit diesem Spumante m\u00f6chte Ca&#8216; del Sette zwei hervorstechende Merkmale der Region Venetien wieder aufgreifen&#8230; die Verbindung zwischen den F\u00e4higkeiten der Goldschmiedemeister, die in Venedig und Vicenza lebten, und unserer Vergangenheit als Winzer. Dies ist der Grund f\u00fcr den \u201eFILACORTA ORO\u201c, ein Wein, der oft f\u00fcr besondere Anl\u00e4sse wie Hochzeiten oder Luxusveranstaltungen gew\u00e4hlt wird, bei denen der symbolische Wert und die Eleganz des Produkts ebenso wichtig sind wie sein Geschmack.<\/em><\/p>\n<p><em>Es wird bescheinigt, dass das Etikett mit 24 KT Gelbgold Bad 1 AR galvanisiert wurde und das Gold im Inneren der Flasche ist mit 23 KT Gold in Lebensmittelqualit\u00e4t zertifiziert.<\/em><\/p>\n<p><strong>Format:<\/strong> 0,75 l<br \/>\n<strong>Typologie:<\/strong> Schaumwein &#8211; 5,5 atm.<br \/>\n<strong>Alkoholgehalt:<\/strong> 11% vol.<br \/>\n<strong>Serviertemperatur:<\/strong> 6-8\u00b0 C<br \/>\n<strong>Paarung:<\/strong> Ausgezeichnet als Aperitif; passt gut zu Vorspeisen und Fischgerichten.<\/p>\n","protected":false},"featured_media":2089,"comment_status":"open","ping_status":"closed","template":"","meta":{"om_disable_all_campaigns":false,"_monsterinsights_skip_tracking":false,"_monsterinsights_sitenote_active":false,"_monsterinsights_sitenote_note":"","_monsterinsights_sitenote_category":0,"_uf_show_specific_survey":0,"_uf_disable_surveys":false},"product_brand":[],"product_cat":[49,178],"product_tag":[],"class_list":{"0":"post-2094","1":"product","2":"type-product","3":"status-publish","4":"has-post-thumbnail","6":"product_cat-schaumweine-und-perlweine","7":"product_cat-weine","9":"first","10":"instock","11":"taxable","12":"shipping-taxable","13":"purchasable","14":"product-type-simple"},"_links":{"self":[{"href":"https:\/\/7house.it\/de\/wp-json\/wp\/v2\/product\/2094","targetHints":{"allow":["GET"]}}],"collection":[{"href":"https:\/\/7house.it\/de\/wp-json\/wp\/v2\/product"}],"about":[{"href":"https:\/\/7house.it\/de\/wp-json\/wp\/v2\/types\/product"}],"replies":[{"embeddable":true,"href":"https:\/\/7house.it\/de\/wp-json\/wp\/v2\/comments?post=2094"}],"wp:featuredmedia":[{"embeddable":true,"href":"https:\/\/7house.it\/de\/wp-json\/wp\/v2\/media\/2089"}],"wp:attachment":[{"href":"https:\/\/7house.it\/de\/wp-json\/wp\/v2\/media?parent=2094"}],"wp:term":[{"taxonomy":"product_brand","embeddable":true,"href":"https:\/\/7house.it\/de\/wp-json\/wp\/v2\/product_brand?post=2094"},{"taxonomy":"product_cat","embeddable":true,"href":"https:\/\/7house.it\/de\/wp-json\/wp\/v2\/product_cat?post=2094"},{"taxonomy":"product_tag","embeddable":true,"href":"https:\/\/7house.it\/de\/wp-json\/wp\/v2\/product_tag?post=2094"}],"curies":[{"name":"wp","href":"https:\/\/api.w.org\/{rel}","templated":true}]}}