{"id":2104,"date":"2025-01-20T13:12:17","date_gmt":"2025-01-20T13:12:17","guid":{"rendered":"https:\/\/7house.it\/prodotto\/amante-collezione-oro-3-l\/"},"modified":"2025-01-21T17:34:59","modified_gmt":"2025-01-21T17:34:59","slug":"amante-collezione-oro-3-l","status":"publish","type":"product","link":"https:\/\/7house.it\/de\/prodotto\/amante-collezione-oro-3-l\/","title":{"rendered":"Amante Collezione Oro &#8211; 3 L"},"content":{"rendered":"","protected":false},"excerpt":{"rendered":"<p><em>Der Amante Collezione Oro ist ein vollmundiger, entschiedener und strukturierter Wein mit einem sehr feinen, samtigen Profil. Er hat eine verf\u00fchrerische und wilde Seite, die mit einer starken Intensit\u00e4t hervortritt.<\/em><\/p>\n<p><strong>Format:<\/strong> 3 l<br \/>\n<strong>Typologie:<\/strong> Rot Wein Verona I.g.t.<br \/>\n<strong>Alkoholgehalt:<\/strong> 16% vol.<br \/>\n<strong>Serviertemperatur:<\/strong> 18\u00b0 C<br \/>\n<strong>Paarung:<\/strong> Passt hervorragend zu Herbst- und Wintergerichten wie Schmorbraten, Eint\u00f6pfen, Braten und Wild. Er passt auch gut zu einfacheren Produkten wie Wurstwaren und K\u00e4se. Auch allein getrunken ist er ein w\u00fcrdiger Abschluss eines Abendessens oder der Begleiter einer angenehmen Meditation, vielleicht in Begleitung von Schokoladenst\u00fcckchen.<\/p>\n","protected":false},"featured_media":2072,"comment_status":"open","ping_status":"closed","template":"","meta":{"om_disable_all_campaigns":false,"_monsterinsights_skip_tracking":false,"_monsterinsights_sitenote_active":false,"_monsterinsights_sitenote_note":"","_monsterinsights_sitenote_category":0,"_uf_show_specific_survey":0,"_uf_disable_surveys":false},"product_brand":[],"product_cat":[50,178],"product_tag":[],"class_list":{"0":"post-2104","1":"product","2":"type-product","3":"status-publish","4":"has-post-thumbnail","6":"product_cat-rotweine","7":"product_cat-weine","9":"first","10":"instock","11":"taxable","12":"shipping-taxable","13":"product-type-simple"},"_links":{"self":[{"href":"https:\/\/7house.it\/de\/wp-json\/wp\/v2\/product\/2104","targetHints":{"allow":["GET"]}}],"collection":[{"href":"https:\/\/7house.it\/de\/wp-json\/wp\/v2\/product"}],"about":[{"href":"https:\/\/7house.it\/de\/wp-json\/wp\/v2\/types\/product"}],"replies":[{"embeddable":true,"href":"https:\/\/7house.it\/de\/wp-json\/wp\/v2\/comments?post=2104"}],"wp:featuredmedia":[{"embeddable":true,"href":"https:\/\/7house.it\/de\/wp-json\/wp\/v2\/media\/2072"}],"wp:attachment":[{"href":"https:\/\/7house.it\/de\/wp-json\/wp\/v2\/media?parent=2104"}],"wp:term":[{"taxonomy":"product_brand","embeddable":true,"href":"https:\/\/7house.it\/de\/wp-json\/wp\/v2\/product_brand?post=2104"},{"taxonomy":"product_cat","embeddable":true,"href":"https:\/\/7house.it\/de\/wp-json\/wp\/v2\/product_cat?post=2104"},{"taxonomy":"product_tag","embeddable":true,"href":"https:\/\/7house.it\/de\/wp-json\/wp\/v2\/product_tag?post=2104"}],"curies":[{"name":"wp","href":"https:\/\/api.w.org\/{rel}","templated":true}]}}