{"id":2109,"date":"2025-01-20T13:31:42","date_gmt":"2025-01-20T13:31:42","guid":{"rendered":"https:\/\/7house.it\/prodotto\/pinot-grigio-rose-wein-collezioneitalia\/"},"modified":"2025-01-21T17:38:55","modified_gmt":"2025-01-21T17:38:55","slug":"pinot-grigio-rose-wein-collezioneitalia","status":"publish","type":"product","link":"https:\/\/7house.it\/de\/prodotto\/pinot-grigio-rose-wein-collezioneitalia\/","title":{"rendered":"Pinot Grigio Ros\u00e9 Wein #COLLEZIONEITALIA"},"content":{"rendered":"","protected":false},"excerpt":{"rendered":"<p><em>Der Pinot Grigio Ros\u00e9 aus der Linie #collezioneitalia ist ein faszinierender Ros\u00e9 aus der Pinot Grigio-Traube. Seine Farbe, ein faszinierender Ros\u00e9 mit kupferfarbenen Reflexen, ist sein wichtigstes Merkmal, das auf den ersten Blick besticht und zu einem in jeder Hinsicht frischen, ausgewogenen und angenehmen Produkt f\u00fchrt.<\/em><\/p>\n<p><strong>Format:<\/strong> 0,75 l<br \/>\n<strong>Typologie:<\/strong> Pinot Grigio D.O.C. delle Venezie Rosato<br \/>\n<strong>Alkoholgehalt:<\/strong> 12,5% vol.<br \/>\n<strong>Serviertemperatur:<\/strong> 10-12\u00b0 C<br \/>\n<strong>Paarung:<\/strong> Passt gut zu frischen Vorspeisen wie Sommersalaten, Fischcarpaccio und Brotcrostini mit Thunfisch oder frischer Ricottapastete. Fischgerichte wie gegrillter Fisch oder Schalentiere, sowohl roh als auch gebraten. Hervorragend zu leichten Nudelgerichten wie Pasta mit Pesto; wei\u00dfem Fleisch wie Vitello tonnato; vegetarischen Gerichten wie gegrilltem Gem\u00fcse. Perfekt auch zu Frischk\u00e4se wie B\u00fcffelmozzarella oder Ziegenk\u00e4se.<\/p>\n","protected":false},"featured_media":2080,"comment_status":"open","ping_status":"closed","template":"","meta":{"om_disable_all_campaigns":false,"_monsterinsights_skip_tracking":false,"_monsterinsights_sitenote_active":false,"_monsterinsights_sitenote_note":"","_monsterinsights_sitenote_category":0,"_uf_show_specific_survey":0,"_uf_disable_surveys":false},"product_brand":[],"product_cat":[51,178],"product_tag":[],"class_list":{"0":"post-2109","1":"product","2":"type-product","3":"status-publish","4":"has-post-thumbnail","6":"product_cat-roseweine","7":"product_cat-weine","9":"first","10":"instock","11":"taxable","12":"shipping-taxable","13":"product-type-simple"},"_links":{"self":[{"href":"https:\/\/7house.it\/de\/wp-json\/wp\/v2\/product\/2109","targetHints":{"allow":["GET"]}}],"collection":[{"href":"https:\/\/7house.it\/de\/wp-json\/wp\/v2\/product"}],"about":[{"href":"https:\/\/7house.it\/de\/wp-json\/wp\/v2\/types\/product"}],"replies":[{"embeddable":true,"href":"https:\/\/7house.it\/de\/wp-json\/wp\/v2\/comments?post=2109"}],"wp:featuredmedia":[{"embeddable":true,"href":"https:\/\/7house.it\/de\/wp-json\/wp\/v2\/media\/2080"}],"wp:attachment":[{"href":"https:\/\/7house.it\/de\/wp-json\/wp\/v2\/media?parent=2109"}],"wp:term":[{"taxonomy":"product_brand","embeddable":true,"href":"https:\/\/7house.it\/de\/wp-json\/wp\/v2\/product_brand?post=2109"},{"taxonomy":"product_cat","embeddable":true,"href":"https:\/\/7house.it\/de\/wp-json\/wp\/v2\/product_cat?post=2109"},{"taxonomy":"product_tag","embeddable":true,"href":"https:\/\/7house.it\/de\/wp-json\/wp\/v2\/product_tag?post=2109"}],"curies":[{"name":"wp","href":"https:\/\/api.w.org\/{rel}","templated":true}]}}