{"id":2124,"date":"2024-05-24T16:15:23","date_gmt":"2024-05-24T16:15:23","guid":{"rendered":"https:\/\/7house.it\/prodotto\/bag-in-box-weiss-wein-veneto-igt\/"},"modified":"2025-01-21T17:28:08","modified_gmt":"2025-01-21T17:28:08","slug":"bag-in-box-weiss-wein-veneto-igt","status":"publish","type":"product","link":"https:\/\/7house.it\/de\/prodotto\/bag-in-box-weiss-wein-veneto-igt\/","title":{"rendered":"Bag in Box &#8211; Weiss Wein Veneto Igt"},"content":{"rendered":"","protected":false},"excerpt":{"rendered":"<p>Ca&#8216; del Sette bietet das Bag-in-Box-Format an, um Qualit\u00e4tswein in Kombination mit praktischer Handhabung anzubieten.<br \/>\nDie Bag-in-Box ist eine moderne und innovative Verpackung, ideal f\u00fcr die Lagerung von Wein.<br \/>\nSie bewahrt die Qualit\u00e4t des Weins und bewahrt seine organoleptischen Eigenschaften vom ersten bis zum letzten Glas.<br \/>\nSie ist sch\u00f6n anzusehen und praktisch in der Anwendung; sie ist leicht, k\u00fchlbar, hygienisch und \u00f6kologisch.<\/p>\n<p>Hier in seiner Version weiss Wein Veneto Igt &#8211; 12 % vol.<br \/>\n<strong>Format:<\/strong> 5 Liter<\/p>\n","protected":false},"featured_media":2113,"comment_status":"open","ping_status":"closed","template":"","meta":{"om_disable_all_campaigns":false,"_monsterinsights_skip_tracking":false,"_monsterinsights_sitenote_active":false,"_monsterinsights_sitenote_note":"","_monsterinsights_sitenote_category":0,"_uf_show_specific_survey":0,"_uf_disable_surveys":false},"product_brand":[],"product_cat":[48],"product_tag":[],"class_list":{"0":"post-2124","1":"product","2":"type-product","3":"status-publish","4":"has-post-thumbnail","6":"product_cat-weisweine","8":"first","9":"instock","10":"taxable","11":"shipping-taxable","12":"purchasable","13":"product-type-simple"},"_links":{"self":[{"href":"https:\/\/7house.it\/de\/wp-json\/wp\/v2\/product\/2124","targetHints":{"allow":["GET"]}}],"collection":[{"href":"https:\/\/7house.it\/de\/wp-json\/wp\/v2\/product"}],"about":[{"href":"https:\/\/7house.it\/de\/wp-json\/wp\/v2\/types\/product"}],"replies":[{"embeddable":true,"href":"https:\/\/7house.it\/de\/wp-json\/wp\/v2\/comments?post=2124"}],"wp:featuredmedia":[{"embeddable":true,"href":"https:\/\/7house.it\/de\/wp-json\/wp\/v2\/media\/2113"}],"wp:attachment":[{"href":"https:\/\/7house.it\/de\/wp-json\/wp\/v2\/media?parent=2124"}],"wp:term":[{"taxonomy":"product_brand","embeddable":true,"href":"https:\/\/7house.it\/de\/wp-json\/wp\/v2\/product_brand?post=2124"},{"taxonomy":"product_cat","embeddable":true,"href":"https:\/\/7house.it\/de\/wp-json\/wp\/v2\/product_cat?post=2124"},{"taxonomy":"product_tag","embeddable":true,"href":"https:\/\/7house.it\/de\/wp-json\/wp\/v2\/product_tag?post=2124"}],"curies":[{"name":"wp","href":"https:\/\/api.w.org\/{rel}","templated":true}]}}