{"id":412,"date":"2024-05-02T08:47:23","date_gmt":"2024-05-02T08:47:23","guid":{"rendered":"https:\/\/7house.it\/product\/amante\/"},"modified":"2024-06-06T10:59:23","modified_gmt":"2024-06-06T10:59:23","slug":"amante","status":"publish","type":"product","link":"https:\/\/7house.it\/de\/prodotto\/amante\/","title":{"rendered":"Amante"},"content":{"rendered":"","protected":false},"excerpt":{"rendered":"<p><em>Der Amante ist ein Wein, dessen Gaumen so komplex ist wie seine Verarbeitung und dessen Aromen so bet\u00f6rend sind, dass Sie ihn nicht mehr missen m\u00f6chten. Ein Konzentrat des Genusses.<\/em><\/p>\n<p><strong>Format:<\/strong> 0,75 l<br \/>\n<strong>Typologie:<\/strong> Roter Verona I.g.t.<br \/>\n<strong>Alkoholgehalt:<\/strong> 13,5% vol.<br \/>\n<strong>Serviertemperatur:<\/strong> 18\u00b0 C<br \/>\n<strong>Paarung:<\/strong> Passt perfekt zu Wurstwaren, gereiften K\u00e4sesorten, strukturiertem Fleisch und ersten G\u00e4ngen mit Tr\u00fcffel. Hervorragend auch zu gegrilltem rotem Fleisch, geschmortem Fleisch und Wild.<\/p>\n","protected":false},"featured_media":836,"comment_status":"open","ping_status":"closed","template":"","meta":{"om_disable_all_campaigns":false,"_monsterinsights_skip_tracking":false,"_monsterinsights_sitenote_active":false,"_monsterinsights_sitenote_note":"","_monsterinsights_sitenote_category":0,"_uf_show_specific_survey":0,"_uf_disable_surveys":false},"product_brand":[],"product_cat":[50],"product_tag":[202],"class_list":{"0":"post-412","1":"product","2":"type-product","3":"status-publish","4":"has-post-thumbnail","6":"product_cat-rotweine","7":"product_tag-de-evidenza","9":"first","10":"instock","11":"taxable","12":"shipping-taxable","13":"purchasable","14":"product-type-simple"},"_links":{"self":[{"href":"https:\/\/7house.it\/de\/wp-json\/wp\/v2\/product\/412","targetHints":{"allow":["GET"]}}],"collection":[{"href":"https:\/\/7house.it\/de\/wp-json\/wp\/v2\/product"}],"about":[{"href":"https:\/\/7house.it\/de\/wp-json\/wp\/v2\/types\/product"}],"replies":[{"embeddable":true,"href":"https:\/\/7house.it\/de\/wp-json\/wp\/v2\/comments?post=412"}],"wp:featuredmedia":[{"embeddable":true,"href":"https:\/\/7house.it\/de\/wp-json\/wp\/v2\/media\/836"}],"wp:attachment":[{"href":"https:\/\/7house.it\/de\/wp-json\/wp\/v2\/media?parent=412"}],"wp:term":[{"taxonomy":"product_brand","embeddable":true,"href":"https:\/\/7house.it\/de\/wp-json\/wp\/v2\/product_brand?post=412"},{"taxonomy":"product_cat","embeddable":true,"href":"https:\/\/7house.it\/de\/wp-json\/wp\/v2\/product_cat?post=412"},{"taxonomy":"product_tag","embeddable":true,"href":"https:\/\/7house.it\/de\/wp-json\/wp\/v2\/product_tag?post=412"}],"curies":[{"name":"wp","href":"https:\/\/api.w.org\/{rel}","templated":true}]}}