{"id":415,"date":"2024-05-06T16:48:10","date_gmt":"2024-05-06T16:48:10","guid":{"rendered":"https:\/\/7house.it\/product\/amante-collezione-oro\/"},"modified":"2024-06-06T11:02:08","modified_gmt":"2024-06-06T11:02:08","slug":"amante-collezione-oro","status":"publish","type":"product","link":"https:\/\/7house.it\/de\/prodotto\/amante-collezione-oro\/","title":{"rendered":"Amante Collezione Oro"},"content":{"rendered":"","protected":false},"excerpt":{"rendered":"<p><em>Der Amante Collezione Oro ist ein vollmundiger, durchsetzungsf\u00e4higer und strukturierter Wein mit einem sehr feinen, samtigen Profil. Er hat eine verf\u00fchrerische und wilde Seite, die mit einer starken Intensit\u00e4t hervortritt&#8230;<\/em><\/p>\n<p><strong>Format:<\/strong> 0,75 l<br \/>\n<strong>Typologie:<\/strong> Rosso Verona I.g.t.<br \/>\n<strong>Alkoholgehalt:<\/strong> 16% vol.<br \/>\n<strong>Serviertemperatur:<\/strong> 18\u00b0 C<br \/>\n<strong>Paarung:<\/strong> Passt hervorragend zu Herbst- und Wintergerichten wie Schmorbraten, Eint\u00f6pfen, Braten und Wild. Er passt auch gut zu einfacheren Produkten wie Wurstwaren und K\u00e4se. Auch allein getrunken ist er ein w\u00fcrdiger Abschluss eines Abendessens oder der Begleiter einer angenehmen Meditation, vielleicht in Begleitung von Schokoladenst\u00fcckchen.<\/p>\n","protected":false},"featured_media":840,"comment_status":"open","ping_status":"closed","template":"","meta":{"om_disable_all_campaigns":false,"_monsterinsights_skip_tracking":false,"_monsterinsights_sitenote_active":false,"_monsterinsights_sitenote_note":"","_monsterinsights_sitenote_category":0,"_uf_show_specific_survey":0,"_uf_disable_surveys":false},"product_brand":[],"product_cat":[50],"product_tag":[202],"class_list":{"0":"post-415","1":"product","2":"type-product","3":"status-publish","4":"has-post-thumbnail","6":"product_cat-rotweine","7":"product_tag-de-evidenza","9":"first","10":"instock","11":"taxable","12":"shipping-taxable","13":"purchasable","14":"product-type-simple"},"_links":{"self":[{"href":"https:\/\/7house.it\/de\/wp-json\/wp\/v2\/product\/415","targetHints":{"allow":["GET"]}}],"collection":[{"href":"https:\/\/7house.it\/de\/wp-json\/wp\/v2\/product"}],"about":[{"href":"https:\/\/7house.it\/de\/wp-json\/wp\/v2\/types\/product"}],"replies":[{"embeddable":true,"href":"https:\/\/7house.it\/de\/wp-json\/wp\/v2\/comments?post=415"}],"wp:featuredmedia":[{"embeddable":true,"href":"https:\/\/7house.it\/de\/wp-json\/wp\/v2\/media\/840"}],"wp:attachment":[{"href":"https:\/\/7house.it\/de\/wp-json\/wp\/v2\/media?parent=415"}],"wp:term":[{"taxonomy":"product_brand","embeddable":true,"href":"https:\/\/7house.it\/de\/wp-json\/wp\/v2\/product_brand?post=415"},{"taxonomy":"product_cat","embeddable":true,"href":"https:\/\/7house.it\/de\/wp-json\/wp\/v2\/product_cat?post=415"},{"taxonomy":"product_tag","embeddable":true,"href":"https:\/\/7house.it\/de\/wp-json\/wp\/v2\/product_tag?post=415"}],"curies":[{"name":"wp","href":"https:\/\/api.w.org\/{rel}","templated":true}]}}