{"id":432,"date":"2024-05-07T06:26:30","date_gmt":"2024-05-07T06:26:30","guid":{"rendered":"https:\/\/7house.it\/product\/pinot-grigio-ca-del-sette\/"},"modified":"2024-06-06T11:53:50","modified_gmt":"2024-06-06T11:53:50","slug":"pinot-grigio-ca-del-sette","status":"publish","type":"product","link":"https:\/\/7house.it\/de\/prodotto\/pinot-grigio-ca-del-sette\/","title":{"rendered":"Pinot Grigio Ca&#8216; del Sette"},"content":{"rendered":"","protected":false},"excerpt":{"rendered":"<p><em>Der Ca&#8216; del Sette ist ein gro\u00dfz\u00fcgiger, opulenter und unwiderstehlich charmanter Pinot Grigio.<\/em><\/p>\n<p><strong>Format:<\/strong> 0,75 l<br \/>\n<strong>Typologie:<\/strong> Pinot Grigio D.O.C. delle Venezie<br \/>\n<strong>Alkoholgehalt:<\/strong> 12% vol.<br \/>\n<strong>Serviertemperatur:<\/strong> 8-10\u00b0 C<br \/>\n<strong>Paarung:<\/strong> Ausgezeichnet zu Vorspeisen und ersten G\u00e4ngen mit Fisch und Meeresfr\u00fcchten. Er passt auch hervorragend zu Gem\u00fcse und wei\u00dfem Fleisch sowie zu typischen mediterranen Gerichten.<\/p>\n","protected":false},"featured_media":868,"comment_status":"open","ping_status":"closed","template":"","meta":{"om_disable_all_campaigns":false,"_monsterinsights_skip_tracking":false,"_monsterinsights_sitenote_active":false,"_monsterinsights_sitenote_note":"","_monsterinsights_sitenote_category":0,"_uf_show_specific_survey":0,"_uf_disable_surveys":false},"product_brand":[],"product_cat":[48],"product_tag":[203],"class_list":{"0":"post-432","1":"product","2":"type-product","3":"status-publish","4":"has-post-thumbnail","6":"product_cat-weisweine","7":"product_tag-de-suggeriti","9":"first","10":"instock","11":"taxable","12":"shipping-taxable","13":"purchasable","14":"product-type-simple"},"_links":{"self":[{"href":"https:\/\/7house.it\/de\/wp-json\/wp\/v2\/product\/432","targetHints":{"allow":["GET"]}}],"collection":[{"href":"https:\/\/7house.it\/de\/wp-json\/wp\/v2\/product"}],"about":[{"href":"https:\/\/7house.it\/de\/wp-json\/wp\/v2\/types\/product"}],"replies":[{"embeddable":true,"href":"https:\/\/7house.it\/de\/wp-json\/wp\/v2\/comments?post=432"}],"wp:featuredmedia":[{"embeddable":true,"href":"https:\/\/7house.it\/de\/wp-json\/wp\/v2\/media\/868"}],"wp:attachment":[{"href":"https:\/\/7house.it\/de\/wp-json\/wp\/v2\/media?parent=432"}],"wp:term":[{"taxonomy":"product_brand","embeddable":true,"href":"https:\/\/7house.it\/de\/wp-json\/wp\/v2\/product_brand?post=432"},{"taxonomy":"product_cat","embeddable":true,"href":"https:\/\/7house.it\/de\/wp-json\/wp\/v2\/product_cat?post=432"},{"taxonomy":"product_tag","embeddable":true,"href":"https:\/\/7house.it\/de\/wp-json\/wp\/v2\/product_tag?post=432"}],"curies":[{"name":"wp","href":"https:\/\/api.w.org\/{rel}","templated":true}]}}