{"id":434,"date":"2024-05-07T06:52:58","date_gmt":"2024-05-07T06:52:58","guid":{"rendered":"https:\/\/7house.it\/product\/filacorta-prosecco\/"},"modified":"2025-08-28T04:44:16","modified_gmt":"2025-08-28T04:44:16","slug":"filacorta-prosecco","status":"publish","type":"product","link":"https:\/\/7house.it\/de\/prodotto\/filacorta-prosecco\/","title":{"rendered":"Filacorta Prosecco"},"content":{"rendered":"","protected":false},"excerpt":{"rendered":"<p><em>Die Leichtigkeit seiner Bl\u00e4schen macht ihn zu einem prickelnden und verf\u00fchrerischen Wein. <\/em><em>Der Prosecco aus der Linie Filacorta ist viel mehr als nur ein Prosecco, er ist ein stilvoller Genuss, der immer wieder \u00fcberrascht!<\/em><\/p>\n<p><strong>Format:<\/strong> 0,75 l<br \/>\n<strong>Typologie:<\/strong> Prosecco D.O.C. &#8211; 5,5 atm.<br \/>\n<strong>Alkoholgehalt:<\/strong> 11% vol.<br \/>\n<strong>Serviertemperatur:<\/strong> 6-8\u00b0 C<br \/>\n<strong>Paarung:<\/strong> Hervorragend als Aperitif, zu Fingerfood im Allgemeinen und zu Wurst- und K\u00e4seplatten, Pasta mit delikaten Fleischsaucen und Hauptgerichten mit wei\u00dfem Fleisch. Er ist auch ideal zu Sommersuppen, Rohkost und Meeresfr\u00fcchten.<\/p>\n","protected":false},"featured_media":856,"comment_status":"open","ping_status":"closed","template":"","meta":{"om_disable_all_campaigns":false,"_monsterinsights_skip_tracking":false,"_monsterinsights_sitenote_active":false,"_monsterinsights_sitenote_note":"","_monsterinsights_sitenote_category":0,"_uf_show_specific_survey":0,"_uf_disable_surveys":false},"product_brand":[],"product_cat":[49],"product_tag":[203],"class_list":{"0":"post-434","1":"product","2":"type-product","3":"status-publish","4":"has-post-thumbnail","6":"product_cat-schaumweine-und-perlweine","7":"product_tag-de-suggeriti","9":"first","10":"instock","11":"taxable","12":"shipping-taxable","13":"purchasable","14":"product-type-simple"},"_links":{"self":[{"href":"https:\/\/7house.it\/de\/wp-json\/wp\/v2\/product\/434","targetHints":{"allow":["GET"]}}],"collection":[{"href":"https:\/\/7house.it\/de\/wp-json\/wp\/v2\/product"}],"about":[{"href":"https:\/\/7house.it\/de\/wp-json\/wp\/v2\/types\/product"}],"replies":[{"embeddable":true,"href":"https:\/\/7house.it\/de\/wp-json\/wp\/v2\/comments?post=434"}],"wp:featuredmedia":[{"embeddable":true,"href":"https:\/\/7house.it\/de\/wp-json\/wp\/v2\/media\/856"}],"wp:attachment":[{"href":"https:\/\/7house.it\/de\/wp-json\/wp\/v2\/media?parent=434"}],"wp:term":[{"taxonomy":"product_brand","embeddable":true,"href":"https:\/\/7house.it\/de\/wp-json\/wp\/v2\/product_brand?post=434"},{"taxonomy":"product_cat","embeddable":true,"href":"https:\/\/7house.it\/de\/wp-json\/wp\/v2\/product_cat?post=434"},{"taxonomy":"product_tag","embeddable":true,"href":"https:\/\/7house.it\/de\/wp-json\/wp\/v2\/product_tag?post=434"}],"curies":[{"name":"wp","href":"https:\/\/api.w.org\/{rel}","templated":true}]}}