{"id":435,"date":"2024-05-07T06:57:53","date_gmt":"2024-05-07T06:57:53","guid":{"rendered":"https:\/\/7house.it\/product\/filacorta-spumante\/"},"modified":"2024-06-06T11:43:50","modified_gmt":"2024-06-06T11:43:50","slug":"filacorta-spumante","status":"publish","type":"product","link":"https:\/\/7house.it\/de\/prodotto\/filacorta-spumante\/","title":{"rendered":"Filacorta Spumante"},"content":{"rendered":"","protected":false},"excerpt":{"rendered":"<p><em>Die feinen Bl\u00e4schen, die mineralische Seite und die Zitrusnoten machen den Sekt aus der Filacorta-Linie zu einem Wein mit starkem Charakter.<\/em><\/p>\n<p><strong>Format:<\/strong> 0,75 l<br \/>\n<strong>Typologie:<\/strong> Schaumwein &#8211; 5,5 atm.<br \/>\n<strong>Alkoholgehalt:<\/strong> 11% vol.<br \/>\n<strong>Serviertemperatur:<\/strong> 6-8\u00b0 C<br \/>\n<strong>Paarung:<\/strong> Hervorragend als Aperitif, zu Fingerfood im Allgemeinen und zu Wurst- und K\u00e4seplatten, Pasta mit delikaten Fleischsaucen, Hauptgerichten aus wei\u00dfem Fleisch und Pizza. Er ist auch ideal zu Sommersuppen, Rohkost und Meeresfr\u00fcchten.<\/p>\n","protected":false},"featured_media":860,"comment_status":"open","ping_status":"closed","template":"","meta":{"om_disable_all_campaigns":false,"_monsterinsights_skip_tracking":false,"_monsterinsights_sitenote_active":false,"_monsterinsights_sitenote_note":"","_monsterinsights_sitenote_category":0,"_uf_show_specific_survey":0,"_uf_disable_surveys":false},"product_brand":[],"product_cat":[149,49],"product_tag":[203],"class_list":{"0":"post-435","1":"product","2":"type-product","3":"status-publish","4":"has-post-thumbnail","6":"product_cat-angebote","7":"product_cat-schaumweine-und-perlweine","8":"product_tag-de-suggeriti","10":"first","11":"instock","12":"sale","13":"taxable","14":"shipping-taxable","15":"purchasable","16":"product-type-simple"},"_links":{"self":[{"href":"https:\/\/7house.it\/de\/wp-json\/wp\/v2\/product\/435","targetHints":{"allow":["GET"]}}],"collection":[{"href":"https:\/\/7house.it\/de\/wp-json\/wp\/v2\/product"}],"about":[{"href":"https:\/\/7house.it\/de\/wp-json\/wp\/v2\/types\/product"}],"replies":[{"embeddable":true,"href":"https:\/\/7house.it\/de\/wp-json\/wp\/v2\/comments?post=435"}],"wp:featuredmedia":[{"embeddable":true,"href":"https:\/\/7house.it\/de\/wp-json\/wp\/v2\/media\/860"}],"wp:attachment":[{"href":"https:\/\/7house.it\/de\/wp-json\/wp\/v2\/media?parent=435"}],"wp:term":[{"taxonomy":"product_brand","embeddable":true,"href":"https:\/\/7house.it\/de\/wp-json\/wp\/v2\/product_brand?post=435"},{"taxonomy":"product_cat","embeddable":true,"href":"https:\/\/7house.it\/de\/wp-json\/wp\/v2\/product_cat?post=435"},{"taxonomy":"product_tag","embeddable":true,"href":"https:\/\/7house.it\/de\/wp-json\/wp\/v2\/product_tag?post=435"}],"curies":[{"name":"wp","href":"https:\/\/api.w.org\/{rel}","templated":true}]}}