{"id":436,"date":"2024-05-07T06:59:27","date_gmt":"2024-05-07T06:59:27","guid":{"rendered":"https:\/\/7house.it\/product\/prosecco-doc-linea-ca-del-sette\/"},"modified":"2024-06-06T11:42:40","modified_gmt":"2024-06-06T11:42:40","slug":"prosecco-doc-linea-ca-del-sette","status":"publish","type":"product","link":"https:\/\/7house.it\/de\/prodotto\/prosecco-doc-linea-ca-del-sette\/","title":{"rendered":"Prosecco Doc \u2013 Linea Ca&#8216; del Sette"},"content":{"rendered":"","protected":false},"excerpt":{"rendered":"<p><em>Sie erkennen ihn an der Zartheit der Bl\u00e4schen im Glas; es ist der Prosecco par anotonomasia, der den Aperitif mit Freunden aufheitert!<\/em><\/p>\n<p><strong>Format:<\/strong> 0,75 l<br \/>\n<strong>Typologie:<\/strong> Prosecco D.O.C. &#8211; 5,5 atm.<br \/>\n<strong>Alkoholgehalt:<\/strong> 11% vol.<br \/>\n<strong>Serviertemperatur:<\/strong> 6-8\u00b0 C<br \/>\n<strong>Paarung:<\/strong> Hervorragend als Aperitif, zu Fingerfood im Allgemeinen und zu Wurst- und K\u00e4seplatten, Pasta mit delikaten Fleischsaucen und Hauptgerichten mit wei\u00dfem Fleisch. Er ist auch ideal zu Sommersuppen, Rohkost und Meeresfr\u00fcchtegerichten.<br \/>\nMeer.<\/p>\n","protected":false},"featured_media":876,"comment_status":"open","ping_status":"closed","template":"","meta":{"om_disable_all_campaigns":false,"_monsterinsights_skip_tracking":false,"_monsterinsights_sitenote_active":false,"_monsterinsights_sitenote_note":"","_monsterinsights_sitenote_category":0,"_uf_show_specific_survey":0,"_uf_disable_surveys":false},"product_brand":[],"product_cat":[49],"product_tag":[203],"class_list":{"0":"post-436","1":"product","2":"type-product","3":"status-publish","4":"has-post-thumbnail","6":"product_cat-schaumweine-und-perlweine","7":"product_tag-de-suggeriti","9":"first","10":"instock","11":"taxable","12":"shipping-taxable","13":"purchasable","14":"product-type-simple"},"_links":{"self":[{"href":"https:\/\/7house.it\/de\/wp-json\/wp\/v2\/product\/436","targetHints":{"allow":["GET"]}}],"collection":[{"href":"https:\/\/7house.it\/de\/wp-json\/wp\/v2\/product"}],"about":[{"href":"https:\/\/7house.it\/de\/wp-json\/wp\/v2\/types\/product"}],"replies":[{"embeddable":true,"href":"https:\/\/7house.it\/de\/wp-json\/wp\/v2\/comments?post=436"}],"wp:featuredmedia":[{"embeddable":true,"href":"https:\/\/7house.it\/de\/wp-json\/wp\/v2\/media\/876"}],"wp:attachment":[{"href":"https:\/\/7house.it\/de\/wp-json\/wp\/v2\/media?parent=436"}],"wp:term":[{"taxonomy":"product_brand","embeddable":true,"href":"https:\/\/7house.it\/de\/wp-json\/wp\/v2\/product_brand?post=436"},{"taxonomy":"product_cat","embeddable":true,"href":"https:\/\/7house.it\/de\/wp-json\/wp\/v2\/product_cat?post=436"},{"taxonomy":"product_tag","embeddable":true,"href":"https:\/\/7house.it\/de\/wp-json\/wp\/v2\/product_tag?post=436"}],"curies":[{"name":"wp","href":"https:\/\/api.w.org\/{rel}","templated":true}]}}