{"id":437,"date":"2024-05-07T07:00:45","date_gmt":"2024-05-07T07:00:45","guid":{"rendered":"https:\/\/7house.it\/product\/stranero\/"},"modified":"2024-06-06T11:37:05","modified_gmt":"2024-06-06T11:37:05","slug":"stranero","status":"publish","type":"product","link":"https:\/\/7house.it\/de\/prodotto\/stranero\/","title":{"rendered":"Stranero"},"content":{"rendered":"","protected":false},"excerpt":{"rendered":"<p><em>Stranero ist ein fruchtiger Rotwein, ein geselliger Wein, dem es an nichts fehlt und der mit jedem Schluck seine Qualit\u00e4t offenbart.<\/em><\/p>\n<p><strong>Format:<\/strong> 0,75 l<br \/>\n<strong>Typologie:<\/strong> Rotwein Veneto I.g.t.<br \/>\n<strong>Alkoholgehalt:<\/strong> 12 % vol.<br \/>\n<strong>Serviertemperatur:<\/strong> 16-18\u00b0 C<br \/>\n<strong>Paarung:<\/strong> Passt hervorragend zu Wurst- und K\u00e4segerichten, ersten G\u00e4ngen auf Fleischbasis, Wintersuppen, Braten und Fleischeint\u00f6pfen.<\/p>\n","protected":false},"featured_media":884,"comment_status":"open","ping_status":"closed","template":"","meta":{"om_disable_all_campaigns":false,"_monsterinsights_skip_tracking":false,"_monsterinsights_sitenote_active":false,"_monsterinsights_sitenote_note":"","_monsterinsights_sitenote_category":0,"_uf_show_specific_survey":0,"_uf_disable_surveys":false},"product_brand":[],"product_cat":[50],"product_tag":[203],"class_list":{"0":"post-437","1":"product","2":"type-product","3":"status-publish","4":"has-post-thumbnail","6":"product_cat-rotweine","7":"product_tag-de-suggeriti","9":"first","10":"instock","11":"taxable","12":"shipping-taxable","13":"purchasable","14":"product-type-simple"},"_links":{"self":[{"href":"https:\/\/7house.it\/de\/wp-json\/wp\/v2\/product\/437","targetHints":{"allow":["GET"]}}],"collection":[{"href":"https:\/\/7house.it\/de\/wp-json\/wp\/v2\/product"}],"about":[{"href":"https:\/\/7house.it\/de\/wp-json\/wp\/v2\/types\/product"}],"replies":[{"embeddable":true,"href":"https:\/\/7house.it\/de\/wp-json\/wp\/v2\/comments?post=437"}],"wp:featuredmedia":[{"embeddable":true,"href":"https:\/\/7house.it\/de\/wp-json\/wp\/v2\/media\/884"}],"wp:attachment":[{"href":"https:\/\/7house.it\/de\/wp-json\/wp\/v2\/media?parent=437"}],"wp:term":[{"taxonomy":"product_brand","embeddable":true,"href":"https:\/\/7house.it\/de\/wp-json\/wp\/v2\/product_brand?post=437"},{"taxonomy":"product_cat","embeddable":true,"href":"https:\/\/7house.it\/de\/wp-json\/wp\/v2\/product_cat?post=437"},{"taxonomy":"product_tag","embeddable":true,"href":"https:\/\/7house.it\/de\/wp-json\/wp\/v2\/product_tag?post=437"}],"curies":[{"name":"wp","href":"https:\/\/api.w.org\/{rel}","templated":true}]}}