{"id":439,"date":"2024-05-07T07:03:49","date_gmt":"2024-05-07T07:03:49","guid":{"rendered":"https:\/\/7house.it\/product\/primitivo-linea-ca-del-sette\/"},"modified":"2024-06-03T11:35:31","modified_gmt":"2024-06-03T11:35:31","slug":"primitivo-linea-ca-del-sette","status":"publish","type":"product","link":"https:\/\/7house.it\/de\/prodotto\/primitivo-linea-ca-del-sette\/","title":{"rendered":"Primitivo \u2013 Linea Ca&#8216; del Sette"},"content":{"rendered":"","protected":false},"excerpt":{"rendered":"<p><em>Der aus Apulien stammende Primitivo der Linie Ca&#8216; del Sette ist ein Wein mit einem intensiv fruchtigen und w\u00fcrzigen Charakter. Schluck f\u00fcr Schluck entf\u00fchrt er Sie in das \u201esonnige Land\u201c, in dem er w\u00e4chst.<\/em><\/p>\n<p><strong>Format:<\/strong> 0,75 l<br \/>\n<strong>Typologie:<\/strong> Primitivo Puglia I.g.t.<br \/>\n<strong>Alkoholgehalt:<\/strong> 13,5% vol.<br \/>\n<strong>Serviertemperatur:<\/strong> 16-18\u00b0 C<br \/>\n<strong>Paarung:<\/strong> Ideal zu gegrillten und gebratenen Fleischsorten. Hervorragend auch zu Wild, ersten G\u00e4ngen auf Fleischbasis, Wurstwaren und reifem K\u00e4se.<\/p>\n","protected":false},"featured_media":872,"comment_status":"open","ping_status":"closed","template":"","meta":{"om_disable_all_campaigns":false,"_monsterinsights_skip_tracking":false,"_monsterinsights_sitenote_active":false,"_monsterinsights_sitenote_note":"","_monsterinsights_sitenote_category":0,"_uf_show_specific_survey":0,"_uf_disable_surveys":false},"product_brand":[],"product_cat":[50],"product_tag":[],"class_list":{"0":"post-439","1":"product","2":"type-product","3":"status-publish","4":"has-post-thumbnail","6":"product_cat-rotweine","8":"first","9":"instock","10":"taxable","11":"shipping-taxable","12":"purchasable","13":"product-type-simple"},"_links":{"self":[{"href":"https:\/\/7house.it\/de\/wp-json\/wp\/v2\/product\/439","targetHints":{"allow":["GET"]}}],"collection":[{"href":"https:\/\/7house.it\/de\/wp-json\/wp\/v2\/product"}],"about":[{"href":"https:\/\/7house.it\/de\/wp-json\/wp\/v2\/types\/product"}],"replies":[{"embeddable":true,"href":"https:\/\/7house.it\/de\/wp-json\/wp\/v2\/comments?post=439"}],"wp:featuredmedia":[{"embeddable":true,"href":"https:\/\/7house.it\/de\/wp-json\/wp\/v2\/media\/872"}],"wp:attachment":[{"href":"https:\/\/7house.it\/de\/wp-json\/wp\/v2\/media?parent=439"}],"wp:term":[{"taxonomy":"product_brand","embeddable":true,"href":"https:\/\/7house.it\/de\/wp-json\/wp\/v2\/product_brand?post=439"},{"taxonomy":"product_cat","embeddable":true,"href":"https:\/\/7house.it\/de\/wp-json\/wp\/v2\/product_cat?post=439"},{"taxonomy":"product_tag","embeddable":true,"href":"https:\/\/7house.it\/de\/wp-json\/wp\/v2\/product_tag?post=439"}],"curies":[{"name":"wp","href":"https:\/\/api.w.org\/{rel}","templated":true}]}}