{"id":440,"date":"2024-05-07T07:45:33","date_gmt":"2024-05-07T07:45:33","guid":{"rendered":"https:\/\/7house.it\/product\/rosato-linea-ca-del-sette\/"},"modified":"2024-06-03T11:36:16","modified_gmt":"2024-06-03T11:36:16","slug":"rosato-linea-ca-del-sette","status":"publish","type":"product","link":"https:\/\/7house.it\/de\/prodotto\/rosato-linea-ca-del-sette\/","title":{"rendered":"Rosato \u2013 Linea Ca&#8216; del Sette"},"content":{"rendered":"","protected":false},"excerpt":{"rendered":"<p><em>Ein schmackhafter und duftender Ros\u00e9, der sich hervorragend als Aperitif oder in Begleitung von frischem Obst eignet: ein wahres Juwel, das die G\u00e4ste begeistern wird!<\/em><\/p>\n<p><strong>Format:<\/strong> 0,75 l<br \/>\n<strong>Typologie:<\/strong> Ros\u00e9 Veneto I.G.T.<br \/>\n<strong>Alkoholgehalt:<\/strong> 10,5% vol.<br \/>\n<strong>Serviertemperatur:<\/strong> 10-12\u00b0 C<br \/>\n<strong>Paarung:<\/strong> Ausgezeichnet als Aperitif. Er passt auch gut zu Vorspeisen, K\u00e4se, Pizza und ersten G\u00e4ngen mit Fisch und Meeresfr\u00fcchten.<\/p>\n","protected":false},"featured_media":880,"comment_status":"open","ping_status":"closed","template":"","meta":{"om_disable_all_campaigns":false,"_monsterinsights_skip_tracking":false,"_monsterinsights_sitenote_active":false,"_monsterinsights_sitenote_note":"","_monsterinsights_sitenote_category":0,"_uf_show_specific_survey":0,"_uf_disable_surveys":false},"product_brand":[],"product_cat":[51],"product_tag":[],"class_list":{"0":"post-440","1":"product","2":"type-product","3":"status-publish","4":"has-post-thumbnail","6":"product_cat-roseweine","8":"first","9":"instock","10":"taxable","11":"shipping-taxable","12":"purchasable","13":"product-type-simple"},"_links":{"self":[{"href":"https:\/\/7house.it\/de\/wp-json\/wp\/v2\/product\/440","targetHints":{"allow":["GET"]}}],"collection":[{"href":"https:\/\/7house.it\/de\/wp-json\/wp\/v2\/product"}],"about":[{"href":"https:\/\/7house.it\/de\/wp-json\/wp\/v2\/types\/product"}],"replies":[{"embeddable":true,"href":"https:\/\/7house.it\/de\/wp-json\/wp\/v2\/comments?post=440"}],"wp:featuredmedia":[{"embeddable":true,"href":"https:\/\/7house.it\/de\/wp-json\/wp\/v2\/media\/880"}],"wp:attachment":[{"href":"https:\/\/7house.it\/de\/wp-json\/wp\/v2\/media?parent=440"}],"wp:term":[{"taxonomy":"product_brand","embeddable":true,"href":"https:\/\/7house.it\/de\/wp-json\/wp\/v2\/product_brand?post=440"},{"taxonomy":"product_cat","embeddable":true,"href":"https:\/\/7house.it\/de\/wp-json\/wp\/v2\/product_cat?post=440"},{"taxonomy":"product_tag","embeddable":true,"href":"https:\/\/7house.it\/de\/wp-json\/wp\/v2\/product_tag?post=440"}],"curies":[{"name":"wp","href":"https:\/\/api.w.org\/{rel}","templated":true}]}}