{"id":804,"date":"2024-05-16T13:50:40","date_gmt":"2024-05-16T13:50:40","guid":{"rendered":"https:\/\/7house.it\/product\/stranero-dolce\/"},"modified":"2024-06-03T11:39:21","modified_gmt":"2024-06-03T11:39:21","slug":"stranero-dolce","status":"publish","type":"product","link":"https:\/\/7house.it\/de\/prodotto\/stranero-dolce\/","title":{"rendered":"Stranero Dolce"},"content":{"rendered":"","protected":false},"excerpt":{"rendered":"<p><em>Stranero in seiner Dolce-Version ist ein sehr leckerer, k\u00f6stlich w\u00fcrziger Rotwein. Hervorragend als Abschluss einer Mahlzeit, um einen Moment der Freude zu genie\u00dfen&#8230;<\/em><\/p>\n<p><strong>Format:<\/strong> 0,75 l<br \/>\n<strong>Typologie:<\/strong> S\u00fc\u00dfer Rotwein<br \/>\n<strong>Alkoholgehalt:<\/strong> 10,5% vol.<br \/>\n<strong>Serviertemperatur:<\/strong> 12-14\u00b0 C<br \/>\n<strong>Paarung:<\/strong> Passt hervorragend zu gebackenen Desserts, Geb\u00e4ck, Keksen und Schokolade. Ideal auch zu reifen K\u00e4sesorten.<\/p>\n","protected":false},"featured_media":688,"comment_status":"open","ping_status":"closed","template":"","meta":{"om_disable_all_campaigns":false,"_monsterinsights_skip_tracking":false,"_monsterinsights_sitenote_active":false,"_monsterinsights_sitenote_note":"","_monsterinsights_sitenote_category":0,"_uf_show_specific_survey":0,"_uf_disable_surveys":false},"product_brand":[],"product_cat":[52],"product_tag":[],"class_list":{"0":"post-804","1":"product","2":"type-product","3":"status-publish","4":"has-post-thumbnail","6":"product_cat-suessweine","8":"first","9":"instock","10":"taxable","11":"shipping-taxable","12":"purchasable","13":"product-type-simple"},"_links":{"self":[{"href":"https:\/\/7house.it\/de\/wp-json\/wp\/v2\/product\/804","targetHints":{"allow":["GET"]}}],"collection":[{"href":"https:\/\/7house.it\/de\/wp-json\/wp\/v2\/product"}],"about":[{"href":"https:\/\/7house.it\/de\/wp-json\/wp\/v2\/types\/product"}],"replies":[{"embeddable":true,"href":"https:\/\/7house.it\/de\/wp-json\/wp\/v2\/comments?post=804"}],"wp:featuredmedia":[{"embeddable":true,"href":"https:\/\/7house.it\/de\/wp-json\/wp\/v2\/media\/688"}],"wp:attachment":[{"href":"https:\/\/7house.it\/de\/wp-json\/wp\/v2\/media?parent=804"}],"wp:term":[{"taxonomy":"product_brand","embeddable":true,"href":"https:\/\/7house.it\/de\/wp-json\/wp\/v2\/product_brand?post=804"},{"taxonomy":"product_cat","embeddable":true,"href":"https:\/\/7house.it\/de\/wp-json\/wp\/v2\/product_cat?post=804"},{"taxonomy":"product_tag","embeddable":true,"href":"https:\/\/7house.it\/de\/wp-json\/wp\/v2\/product_tag?post=804"}],"curies":[{"name":"wp","href":"https:\/\/api.w.org\/{rel}","templated":true}]}}