{"id":955,"date":"2024-05-23T16:28:48","date_gmt":"2024-05-23T16:28:48","guid":{"rendered":"https:\/\/7house.it\/product\/1809-castelcerino-soave-doc-linie-appassionante\/"},"modified":"2024-06-03T11:40:04","modified_gmt":"2024-06-03T11:40:04","slug":"1809-castelcerino-soave-doc-linie-appassionante","status":"publish","type":"product","link":"https:\/\/7house.it\/de\/prodotto\/1809-castelcerino-soave-doc-linie-appassionante\/","title":{"rendered":"1809 Castelcerino &#8211; Linie Appassionante"},"content":{"rendered":"","protected":false},"excerpt":{"rendered":"<p><em>Frische, fruchtige Noten und ein sch\u00f6ner Nachklang kennzeichnen unseren 1809 Castelcerino aus der Linie Appassionante; ein gut gemachter Soave, der angenehm am Gaumen ist.<\/em><\/p>\n<p><strong>Format:<\/strong> 0,75 l<br \/>\n<strong>Typologie:<\/strong> Soave D.o.c.<br \/>\n<strong>Alkoholgehalt:<\/strong> 12,5% vol.<br \/>\n<strong>Serviertemperatur:<\/strong> 8-10\u00b0 C<br \/>\n<strong>Paarung:<\/strong> Reis, gegrillter Fisch, wei\u00dfes Fleisch, frischer oder gereifter K\u00e4se, Gem\u00fcseflan und Eier.<\/p>\n","protected":false},"featured_media":828,"comment_status":"open","ping_status":"closed","template":"","meta":{"om_disable_all_campaigns":false,"_monsterinsights_skip_tracking":false,"_monsterinsights_sitenote_active":false,"_monsterinsights_sitenote_note":"","_monsterinsights_sitenote_category":0,"_uf_show_specific_survey":0,"_uf_disable_surveys":false},"product_brand":[],"product_cat":[149,48],"product_tag":[],"class_list":{"0":"post-955","1":"product","2":"type-product","3":"status-publish","4":"has-post-thumbnail","6":"product_cat-angebote","7":"product_cat-weisweine","9":"first","10":"instock","11":"sale","12":"taxable","13":"shipping-taxable","14":"purchasable","15":"product-type-simple"},"_links":{"self":[{"href":"https:\/\/7house.it\/de\/wp-json\/wp\/v2\/product\/955","targetHints":{"allow":["GET"]}}],"collection":[{"href":"https:\/\/7house.it\/de\/wp-json\/wp\/v2\/product"}],"about":[{"href":"https:\/\/7house.it\/de\/wp-json\/wp\/v2\/types\/product"}],"replies":[{"embeddable":true,"href":"https:\/\/7house.it\/de\/wp-json\/wp\/v2\/comments?post=955"}],"wp:featuredmedia":[{"embeddable":true,"href":"https:\/\/7house.it\/de\/wp-json\/wp\/v2\/media\/828"}],"wp:attachment":[{"href":"https:\/\/7house.it\/de\/wp-json\/wp\/v2\/media?parent=955"}],"wp:term":[{"taxonomy":"product_brand","embeddable":true,"href":"https:\/\/7house.it\/de\/wp-json\/wp\/v2\/product_brand?post=955"},{"taxonomy":"product_cat","embeddable":true,"href":"https:\/\/7house.it\/de\/wp-json\/wp\/v2\/product_cat?post=955"},{"taxonomy":"product_tag","embeddable":true,"href":"https:\/\/7house.it\/de\/wp-json\/wp\/v2\/product_tag?post=955"}],"curies":[{"name":"wp","href":"https:\/\/api.w.org\/{rel}","templated":true}]}}