{"id":2108,"date":"2025-01-20T13:31:42","date_gmt":"2025-01-20T13:31:42","guid":{"rendered":"https:\/\/7house.it\/prodotto\/pinot-grigio-rose-collezioneitalia\/"},"modified":"2025-01-21T17:38:18","modified_gmt":"2025-01-21T17:38:18","slug":"pinot-grigio-rose-collezioneitalia","status":"publish","type":"product","link":"https:\/\/7house.it\/en\/prodotto\/pinot-grigio-rose-collezioneitalia\/","title":{"rendered":"Pinot Grigio Ros\u00e9 #COLLEZIONEITALIA"},"content":{"rendered":"","protected":false},"excerpt":{"rendered":"<p><em>The Pinot Grigio Ros\u00e9 of the #collezioneitalia line is an intriguing ros\u00e9 made from Pinot Grigio grapes. Its colour, a charming ros\u00e9 with coppery highlights, is its most important characteristic that captivates at first glance and leads to a fresh, balanced and pleasant product in every aspect.<\/em><\/p>\n<p><strong>Format:<\/strong> 0.75 l<br \/>\n<strong>Type:<\/strong> Pinot Grigio D.O.C. delle Venezie Rosato<br \/>\n<strong>Alcohol content:<\/strong> 12,5% vol.<br \/>\n<strong>Serving temperature:<\/strong> 10-12\u00b0 C<br \/>\n<strong>Pairings:<\/strong> Goes well with fresh starters such as summer salads, fish carpaccio and bread crostini with tuna or fresh ricotta p\u00e2t\u00e9. Fish dishes such as grilled fish or shellfish both raw and seared. Excellent with light pasta dishes such as pasta with pesto; white meats such as vitello tonnato; vegetarian dishes such as grilled vegetables. Also perfect with fresh cheeses such as buffalo mozzarella or goat cheese.<\/p>\n","protected":false},"featured_media":2079,"comment_status":"open","ping_status":"closed","template":"","meta":{"om_disable_all_campaigns":false,"_monsterinsights_skip_tracking":false,"_monsterinsights_sitenote_active":false,"_monsterinsights_sitenote_note":"","_monsterinsights_sitenote_category":0,"_uf_show_specific_survey":0,"_uf_disable_surveys":false},"product_brand":[],"product_cat":[44,179],"product_tag":[],"class_list":{"0":"post-2108","1":"product","2":"type-product","3":"status-publish","4":"has-post-thumbnail","6":"product_cat-rose-wines","7":"product_cat-wines","9":"first","10":"instock","11":"taxable","12":"shipping-taxable","13":"product-type-simple"},"_links":{"self":[{"href":"https:\/\/7house.it\/en\/wp-json\/wp\/v2\/product\/2108","targetHints":{"allow":["GET"]}}],"collection":[{"href":"https:\/\/7house.it\/en\/wp-json\/wp\/v2\/product"}],"about":[{"href":"https:\/\/7house.it\/en\/wp-json\/wp\/v2\/types\/product"}],"replies":[{"embeddable":true,"href":"https:\/\/7house.it\/en\/wp-json\/wp\/v2\/comments?post=2108"}],"wp:featuredmedia":[{"embeddable":true,"href":"https:\/\/7house.it\/en\/wp-json\/wp\/v2\/media\/2079"}],"wp:attachment":[{"href":"https:\/\/7house.it\/en\/wp-json\/wp\/v2\/media?parent=2108"}],"wp:term":[{"taxonomy":"product_brand","embeddable":true,"href":"https:\/\/7house.it\/en\/wp-json\/wp\/v2\/product_brand?post=2108"},{"taxonomy":"product_cat","embeddable":true,"href":"https:\/\/7house.it\/en\/wp-json\/wp\/v2\/product_cat?post=2108"},{"taxonomy":"product_tag","embeddable":true,"href":"https:\/\/7house.it\/en\/wp-json\/wp\/v2\/product_tag?post=2108"}],"curies":[{"name":"wp","href":"https:\/\/api.w.org\/{rel}","templated":true}]}}